{"id":1739,"date":"2019-06-12T11:09:28","date_gmt":"2019-06-12T09:09:28","guid":{"rendered":"http:\/\/monpetitcppasapas.com\/?page_id=1739"},"modified":"2020-01-07T19:54:42","modified_gmt":"2020-01-07T18:54:42","slug":"mots-a-apprendre","status":"publish","type":"page","link":"https:\/\/monpetitcppasapas.com\/?page_id=1739","title":{"rendered":"mots \u00e0 apprendre"},"content":{"rendered":"\t\t<div data-elementor-type=\"wp-post\" data-elementor-id=\"1739\" class=\"elementor elementor-1739\">\n\t\t\t\t\t\t<div class=\"elementor-inner\">\n\t\t\t\t<div class=\"elementor-section-wrap\">\n\t\t\t\t\t\t\t\t\t<section class=\"elementor-section elementor-top-section elementor-element elementor-element-853a664 elementor-section-boxed elementor-section-height-default elementor-section-height-default\" data-id=\"853a664\" data-element_type=\"section\">\n\t\t\t\t\t\t<div class=\"elementor-container elementor-column-gap-default\">\n\t\t\t\t\t\t\t<div class=\"elementor-row\">\n\t\t\t\t\t<div class=\"elementor-column elementor-col-100 elementor-top-column elementor-element elementor-element-8d63b48\" data-id=\"8d63b48\" data-element_type=\"column\">\n\t\t\t<div class=\"elementor-column-wrap elementor-element-populated\">\n\t\t\t\t\t\t\t<div class=\"elementor-widget-wrap\">\n\t\t\t\t\t\t<div class=\"elementor-element elementor-element-691466c elementor-widget elementor-widget-text-editor\" data-id=\"691466c\" data-element_type=\"widget\" data-widget_type=\"text-editor.default\">\n\t\t\t\t<div class=\"elementor-widget-container\">\n\t\t\t\t\t\t\t\t<div class=\"elementor-text-editor elementor-clearfix\">\n\t\t\t\t<p>Mots \u00e0 apprendre<\/p>\t\t\t\t\t<\/div>\n\t\t\t\t\t\t<\/div>\n\t\t\t\t<\/div>\n\t\t\t\t\t\t<\/div>\n\t\t\t\t\t<\/div>\n\t\t<\/div>\n\t\t\t\t\t\t\t\t<\/div>\n\t\t\t\t\t<\/div>\n\t\t<\/section>\n\t\t\t\t<section class=\"elementor-section elementor-top-section elementor-element elementor-element-b8eecc4 elementor-section-boxed elementor-section-height-default elementor-section-height-default\" data-id=\"b8eecc4\" data-element_type=\"section\">\n\t\t\t\t\t\t<div class=\"elementor-container elementor-column-gap-default\">\n\t\t\t\t\t\t\t<div class=\"elementor-row\">\n\t\t\t\t\t<div class=\"elementor-column elementor-col-100 elementor-top-column elementor-element elementor-element-57c259e\" data-id=\"57c259e\" data-element_type=\"column\">\n\t\t\t<div class=\"elementor-column-wrap elementor-element-populated\">\n\t\t\t\t\t\t\t<div class=\"elementor-widget-wrap\">\n\t\t\t\t\t\t<div class=\"elementor-element elementor-element-2788199 elementor-widget elementor-widget-text-editor\" data-id=\"2788199\" data-element_type=\"widget\" data-widget_type=\"text-editor.default\">\n\t\t\t\t<div class=\"elementor-widget-container\">\n\t\t\t\t\t\t\t\t<div class=\"elementor-text-editor elementor-clearfix\">\n\t\t\t\t<p>Chaque lundi nous proposons une petite s\u00e9rie de mots \u00e0 apprendre en vue d&rsquo;une dict\u00e9e qui sera faite le lundi suivant.<\/p>\n<p>Une fiche m\u00e9mo accompagn\u00e9e d&rsquo;un clavier d&rsquo;ordinateur virtuel, permet aux enfants de guider les enfants dans leur apprentissage.<\/p>\t\t\t\t\t<\/div>\n\t\t\t\t\t\t<\/div>\n\t\t\t\t<\/div>\n\t\t\t\t\t\t<\/div>\n\t\t\t\t\t<\/div>\n\t\t<\/div>\n\t\t\t\t\t\t\t\t<\/div>\n\t\t\t\t\t<\/div>\n\t\t<\/section>\n\t\t\t\t<section class=\"elementor-section elementor-top-section elementor-element elementor-element-47206c1 elementor-section-boxed elementor-section-height-default elementor-section-height-default\" data-id=\"47206c1\" data-element_type=\"section\">\n\t\t\t\t\t\t<div class=\"elementor-container elementor-column-gap-default\">\n\t\t\t\t\t\t\t<div class=\"elementor-row\">\n\t\t\t\t\t<div class=\"elementor-column elementor-col-33 elementor-top-column elementor-element elementor-element-76c526a\" data-id=\"76c526a\" data-element_type=\"column\">\n\t\t\t<div class=\"elementor-column-wrap elementor-element-populated\">\n\t\t\t\t\t\t\t<div class=\"elementor-widget-wrap\">\n\t\t\t\t\t\t<div class=\"elementor-element elementor-element-ac91531 elementor-widget elementor-widget-image\" data-id=\"ac91531\" data-element_type=\"widget\" data-widget_type=\"image.default\">\n\t\t\t\t<div class=\"elementor-widget-container\">\n\t\t\t\t\t\t\t\t<div class=\"elementor-image\">\n\t\t\t\t\t\t\t\t\t\t\t\t\t<a href=\"http:\/\/monpetitcppasapas.com\/wp-content\/uploads\/2019\/06\/mots-pour-la-dict%C3%A9e.pdf\" target=\"_blank\">\n\t\t\t\t\t\t\t<img width=\"710\" height=\"1024\" src=\"https:\/\/monpetitcppasapas.com\/wp-content\/uploads\/2019\/06\/memo-710x1024.png\" class=\"attachment-large size-large\" alt=\"\" loading=\"lazy\" srcset=\"https:\/\/monpetitcppasapas.com\/wp-content\/uploads\/2019\/06\/memo-710x1024.png 710w, https:\/\/monpetitcppasapas.com\/wp-content\/uploads\/2019\/06\/memo-208x300.png 208w, https:\/\/monpetitcppasapas.com\/wp-content\/uploads\/2019\/06\/memo-768x1108.png 768w\" sizes=\"(max-width: 710px) 100vw, 710px\" \/>\t\t\t\t\t\t\t\t<\/a>\n\t\t\t\t\t\t\t\t\t\t\t\t\t\t<\/div>\n\t\t\t\t\t\t<\/div>\n\t\t\t\t<\/div>\n\t\t\t\t\t\t<\/div>\n\t\t\t\t\t<\/div>\n\t\t<\/div>\n\t\t\t\t<div class=\"elementor-column elementor-col-33 elementor-top-column elementor-element elementor-element-adfb4d5\" data-id=\"adfb4d5\" data-element_type=\"column\">\n\t\t\t<div class=\"elementor-column-wrap elementor-element-populated\">\n\t\t\t\t\t\t\t<div class=\"elementor-widget-wrap\">\n\t\t\t\t\t\t<div class=\"elementor-element elementor-element-3e5a21b elementor-widget elementor-widget-image\" data-id=\"3e5a21b\" data-element_type=\"widget\" data-widget_type=\"image.default\">\n\t\t\t\t<div class=\"elementor-widget-container\">\n\t\t\t\t\t\t\t\t<div class=\"elementor-image\">\n\t\t\t\t\t\t\t\t\t\t\t\t\t<a href=\"http:\/\/monpetitcppasapas.com\/wp-content\/uploads\/2019\/06\/Pour-apprendre-les-mots-de-la-dict%C3%A9e.pdf\" target=\"_blank\">\n\t\t\t\t\t\t\t<img width=\"741\" height=\"1024\" src=\"https:\/\/monpetitcppasapas.com\/wp-content\/uploads\/2019\/06\/japprends-les-mots-741x1024.png\" class=\"attachment-large size-large\" alt=\"\" loading=\"lazy\" srcset=\"https:\/\/monpetitcppasapas.com\/wp-content\/uploads\/2019\/06\/japprends-les-mots-741x1024.png 741w, https:\/\/monpetitcppasapas.com\/wp-content\/uploads\/2019\/06\/japprends-les-mots-217x300.png 217w, https:\/\/monpetitcppasapas.com\/wp-content\/uploads\/2019\/06\/japprends-les-mots-768x1062.png 768w\" sizes=\"(max-width: 741px) 100vw, 741px\" \/>\t\t\t\t\t\t\t\t<\/a>\n\t\t\t\t\t\t\t\t\t\t\t\t\t\t<\/div>\n\t\t\t\t\t\t<\/div>\n\t\t\t\t<\/div>\n\t\t\t\t\t\t<\/div>\n\t\t\t\t\t<\/div>\n\t\t<\/div>\n\t\t\t\t<div class=\"elementor-column elementor-col-33 elementor-top-column elementor-element elementor-element-e41e4e7\" data-id=\"e41e4e7\" data-element_type=\"column\">\n\t\t\t<div class=\"elementor-column-wrap elementor-element-populated\">\n\t\t\t\t\t\t\t<div class=\"elementor-widget-wrap\">\n\t\t\t\t\t\t<div class=\"elementor-element elementor-element-43de009 elementor-widget elementor-widget-image\" data-id=\"43de009\" data-element_type=\"widget\" data-widget_type=\"image.default\">\n\t\t\t\t<div class=\"elementor-widget-container\">\n\t\t\t\t\t\t\t\t<div class=\"elementor-image\">\n\t\t\t\t\t\t\t\t\t\t\t\t\t<a href=\"http:\/\/monpetitcppasapas.com\/wp-content\/uploads\/2019\/06\/Clavier-virtuel-pour-apprendre-%C3%A0-m%C3%A9moriser-l.pdf\" target=\"_blank\">\n\t\t\t\t\t\t\t<img width=\"1024\" height=\"724\" src=\"https:\/\/monpetitcppasapas.com\/wp-content\/uploads\/2019\/06\/clavier-virtuel-1024x724.png\" class=\"attachment-large size-large\" alt=\"\" loading=\"lazy\" srcset=\"https:\/\/monpetitcppasapas.com\/wp-content\/uploads\/2019\/06\/clavier-virtuel-1024x724.png 1024w, https:\/\/monpetitcppasapas.com\/wp-content\/uploads\/2019\/06\/clavier-virtuel-300x212.png 300w, https:\/\/monpetitcppasapas.com\/wp-content\/uploads\/2019\/06\/clavier-virtuel-768x543.png 768w\" sizes=\"(max-width: 1024px) 100vw, 1024px\" \/>\t\t\t\t\t\t\t\t<\/a>\n\t\t\t\t\t\t\t\t\t\t\t\t\t\t<\/div>\n\t\t\t\t\t\t<\/div>\n\t\t\t\t<\/div>\n\t\t\t\t\t\t<\/div>\n\t\t\t\t\t<\/div>\n\t\t<\/div>\n\t\t\t\t\t\t\t\t<\/div>\n\t\t\t\t\t<\/div>\n\t\t<\/section>\n\t\t\t\t<section class=\"elementor-section elementor-top-section elementor-element elementor-element-ee01e47 elementor-section-boxed elementor-section-height-default elementor-section-height-default\" data-id=\"ee01e47\" data-element_type=\"section\">\n\t\t\t\t\t\t<div class=\"elementor-container elementor-column-gap-default\">\n\t\t\t\t\t\t\t<div class=\"elementor-row\">\n\t\t\t\t\t<div class=\"elementor-column elementor-col-33 elementor-top-column elementor-element elementor-element-8811e61\" data-id=\"8811e61\" data-element_type=\"column\">\n\t\t\t<div class=\"elementor-column-wrap elementor-element-populated\">\n\t\t\t\t\t\t\t<div class=\"elementor-widget-wrap\">\n\t\t\t\t\t\t<div class=\"elementor-element elementor-element-ae51cb0 elementor-widget elementor-widget-text-editor\" data-id=\"ae51cb0\" data-element_type=\"widget\" data-widget_type=\"text-editor.default\">\n\t\t\t\t<div class=\"elementor-widget-container\">\n\t\t\t\t\t\t\t\t<div class=\"elementor-text-editor elementor-clearfix\">\n\t\t\t\t<p><a href=\"http:\/\/monpetitcppasapas.com\/wp-content\/uploads\/2019\/06\/mots-pour-la-dict\u00e9e.pdf\" target=\"_blank\" rel=\"noopener\">mots pour la dict\u00e9e<\/a> <span style=\"color: #ff0000;\">du lundi<\/span><\/p>\t\t\t\t\t<\/div>\n\t\t\t\t\t\t<\/div>\n\t\t\t\t<\/div>\n\t\t\t\t\t\t<\/div>\n\t\t\t\t\t<\/div>\n\t\t<\/div>\n\t\t\t\t<div class=\"elementor-column elementor-col-33 elementor-top-column elementor-element elementor-element-1531402\" data-id=\"1531402\" data-element_type=\"column\">\n\t\t\t<div class=\"elementor-column-wrap elementor-element-populated\">\n\t\t\t\t\t\t\t<div class=\"elementor-widget-wrap\">\n\t\t\t\t\t\t<div class=\"elementor-element elementor-element-8b74fd6 elementor-widget elementor-widget-text-editor\" data-id=\"8b74fd6\" data-element_type=\"widget\" data-widget_type=\"text-editor.default\">\n\t\t\t\t<div class=\"elementor-widget-container\">\n\t\t\t\t\t\t\t\t<div class=\"elementor-text-editor elementor-clearfix\">\n\t\t\t\t<p style=\"text-align: center;\"><span style=\"color: #ff0000;\"><a href=\"http:\/\/monpetitcppasapas.com\/wp-content\/uploads\/2019\/06\/Pour-apprendre-les-mots-de-la-dict\u00e9e.pdf\">Pour apprendre les mots de la dict\u00e9e<\/a><\/span><\/p>\t\t\t\t\t<\/div>\n\t\t\t\t\t\t<\/div>\n\t\t\t\t<\/div>\n\t\t\t\t\t\t<\/div>\n\t\t\t\t\t<\/div>\n\t\t<\/div>\n\t\t\t\t<div class=\"elementor-column elementor-col-33 elementor-top-column elementor-element elementor-element-c72ffab\" data-id=\"c72ffab\" data-element_type=\"column\">\n\t\t\t<div class=\"elementor-column-wrap elementor-element-populated\">\n\t\t\t\t\t\t\t<div class=\"elementor-widget-wrap\">\n\t\t\t\t\t\t<div class=\"elementor-element elementor-element-084db71 elementor-widget elementor-widget-text-editor\" data-id=\"084db71\" data-element_type=\"widget\" data-widget_type=\"text-editor.default\">\n\t\t\t\t<div class=\"elementor-widget-container\">\n\t\t\t\t\t\t\t\t<div class=\"elementor-text-editor elementor-clearfix\">\n\t\t\t\t<p style=\"text-align: center;\"><span style=\"color: #ff0000;\"><a href=\"http:\/\/monpetitcppasapas.com\/wp-content\/uploads\/2019\/06\/Clavier-virtuel-pour-apprendre-\u00e0-m\u00e9moriser-l.pdf\">clavier virtuel pour apprendre \u00e0 m\u00e9moriser <\/a><\/span><\/p>\t\t\t\t\t<\/div>\n\t\t\t\t\t\t<\/div>\n\t\t\t\t<\/div>\n\t\t\t\t\t\t<\/div>\n\t\t\t\t\t<\/div>\n\t\t<\/div>\n\t\t\t\t\t\t\t\t<\/div>\n\t\t\t\t\t<\/div>\n\t\t<\/section>\n\t\t\t\t<section class=\"elementor-section elementor-top-section elementor-element elementor-element-08db0a8 elementor-section-height-min-height elementor-section-boxed elementor-section-height-default elementor-section-items-middle\" data-id=\"08db0a8\" data-element_type=\"section\">\n\t\t\t\t\t\t<div class=\"elementor-container elementor-column-gap-default\">\n\t\t\t\t\t\t\t<div class=\"elementor-row\">\n\t\t\t\t\t<div class=\"elementor-column elementor-col-100 elementor-top-column elementor-element elementor-element-232ff30\" data-id=\"232ff30\" data-element_type=\"column\">\n\t\t\t<div class=\"elementor-column-wrap elementor-element-populated\">\n\t\t\t\t\t\t\t<div class=\"elementor-widget-wrap\">\n\t\t\t\t\t\t<div class=\"elementor-element elementor-element-d0283bf elementor-widget elementor-widget-image\" data-id=\"d0283bf\" data-element_type=\"widget\" data-widget_type=\"image.default\">\n\t\t\t\t<div class=\"elementor-widget-container\">\n\t\t\t\t\t\t\t\t<div class=\"elementor-image\">\n\t\t\t\t\t\t\t\t\t\t\t\t<img src=\"https:\/\/monpetitcppasapas.com\/wp-content\/uploads\/2018\/10\/points.png\" title=\"points\" alt=\"points\" \/>\t\t\t\t\t\t\t\t\t\t\t\t\t\t<\/div>\n\t\t\t\t\t\t<\/div>\n\t\t\t\t<\/div>\n\t\t\t\t\t\t<\/div>\n\t\t\t\t\t<\/div>\n\t\t<\/div>\n\t\t\t\t\t\t\t\t<\/div>\n\t\t\t\t\t<\/div>\n\t\t<\/section>\n\t\t\t\t\t\t\t\t\t<\/div>\n\t\t\t<\/div>\n\t\t\t\t\t<\/div>\n\t\t","protected":false},"excerpt":{"rendered":"<p>Mots \u00e0 apprendre Chaque lundi nous proposons une petite s\u00e9rie de mots \u00e0 apprendre en vue d&rsquo;une dict\u00e9e qui sera faite le lundi suivant. Une [&hellip;] <span class=\"read-more-link\"><a class=\"read-more\" href=\"https:\/\/monpetitcppasapas.com\/?page_id=1739\">Read More<\/a><\/span><\/p>\n","protected":false},"author":1,"featured_media":0,"parent":0,"menu_order":0,"comment_status":"open","ping_status":"closed","template":"","meta":[],"yoast_head":"<!-- This site is optimized with the Yoast SEO plugin v15.1.1 - https:\/\/yoast.com\/wordpress\/plugins\/seo\/ -->\n<title>mots \u00e0 apprendre - Mon Petit CP Pas \u00e0 pas<\/title>\n<meta name=\"robots\" content=\"index, follow, max-snippet:-1, max-image-preview:large, max-video-preview:-1\" \/>\n<link rel=\"canonical\" href=\"https:\/\/monpetitcppasapas.com\/?page_id=1739\" \/>\n<meta property=\"og:locale\" content=\"fr_FR\" \/>\n<meta property=\"og:type\" content=\"article\" \/>\n<meta property=\"og:title\" content=\"mots \u00e0 apprendre - Mon Petit CP Pas \u00e0 pas\" \/>\n<meta property=\"og:description\" content=\"Mots \u00e0 apprendre Chaque lundi nous proposons une petite s\u00e9rie de mots \u00e0 apprendre en vue d&rsquo;une dict\u00e9e qui sera faite le lundi suivant. Une [&hellip;] Read More\" \/>\n<meta property=\"og:url\" content=\"https:\/\/monpetitcppasapas.com\/?page_id=1739\" \/>\n<meta property=\"og:site_name\" content=\"Mon Petit CP Pas \u00e0 pas\" \/>\n<meta property=\"article:modified_time\" content=\"2020-01-07T18:54:42+00:00\" \/>\n<meta property=\"og:image\" content=\"http:\/\/monpetitcppasapas.com\/wp-content\/uploads\/2019\/06\/memo-710x1024.png\" \/>\n<meta name=\"twitter:card\" content=\"summary_large_image\" \/>\n<script type=\"application\/ld+json\" class=\"yoast-schema-graph\">{\"@context\":\"https:\/\/schema.org\",\"@graph\":[{\"@type\":[\"Person\",\"Organization\"],\"@id\":\"https:\/\/monpetitcppasapas.com\/#\/schema\/person\/584629a552b22851431c0cc51b50bc31\",\"name\":\"admin5332\",\"image\":{\"@type\":\"ImageObject\",\"@id\":\"https:\/\/monpetitcppasapas.com\/#personlogo\",\"inLanguage\":\"fr-FR\",\"url\":\"https:\/\/secure.gravatar.com\/avatar\/d4d07dfbba3dd9e93dbac685f02e7c18?s=96&d=mm&r=g\",\"caption\":\"admin5332\"},\"logo\":{\"@id\":\"https:\/\/monpetitcppasapas.com\/#personlogo\"}},{\"@type\":\"WebSite\",\"@id\":\"https:\/\/monpetitcppasapas.com\/#website\",\"url\":\"https:\/\/monpetitcppasapas.com\/\",\"name\":\"Mon Petit CP Pas \\u00e0 pas\",\"description\":\"Parce que apprendre est grand et multiple\",\"publisher\":{\"@id\":\"https:\/\/monpetitcppasapas.com\/#\/schema\/person\/584629a552b22851431c0cc51b50bc31\"},\"potentialAction\":[{\"@type\":\"SearchAction\",\"target\":\"https:\/\/monpetitcppasapas.com\/?s={search_term_string}\",\"query-input\":\"required name=search_term_string\"}],\"inLanguage\":\"fr-FR\"},{\"@type\":\"ImageObject\",\"@id\":\"https:\/\/monpetitcppasapas.com\/?page_id=1739#primaryimage\",\"inLanguage\":\"fr-FR\",\"url\":\"http:\/\/monpetitcppasapas.com\/wp-content\/uploads\/2019\/06\/memo-710x1024.png\"},{\"@type\":\"WebPage\",\"@id\":\"https:\/\/monpetitcppasapas.com\/?page_id=1739#webpage\",\"url\":\"https:\/\/monpetitcppasapas.com\/?page_id=1739\",\"name\":\"mots \\u00e0 apprendre - Mon Petit CP Pas \\u00e0 pas\",\"isPartOf\":{\"@id\":\"https:\/\/monpetitcppasapas.com\/#website\"},\"primaryImageOfPage\":{\"@id\":\"https:\/\/monpetitcppasapas.com\/?page_id=1739#primaryimage\"},\"datePublished\":\"2019-06-12T09:09:28+00:00\",\"dateModified\":\"2020-01-07T18:54:42+00:00\",\"inLanguage\":\"fr-FR\",\"potentialAction\":[{\"@type\":\"ReadAction\",\"target\":[\"https:\/\/monpetitcppasapas.com\/?page_id=1739\"]}]}]}<\/script>\n<!-- \/ Yoast SEO plugin. -->","_links":{"self":[{"href":"https:\/\/monpetitcppasapas.com\/index.php?rest_route=\/wp\/v2\/pages\/1739"}],"collection":[{"href":"https:\/\/monpetitcppasapas.com\/index.php?rest_route=\/wp\/v2\/pages"}],"about":[{"href":"https:\/\/monpetitcppasapas.com\/index.php?rest_route=\/wp\/v2\/types\/page"}],"author":[{"embeddable":true,"href":"https:\/\/monpetitcppasapas.com\/index.php?rest_route=\/wp\/v2\/users\/1"}],"replies":[{"embeddable":true,"href":"https:\/\/monpetitcppasapas.com\/index.php?rest_route=%2Fwp%2Fv2%2Fcomments&post=1739"}],"version-history":[{"count":14,"href":"https:\/\/monpetitcppasapas.com\/index.php?rest_route=\/wp\/v2\/pages\/1739\/revisions"}],"predecessor-version":[{"id":3788,"href":"https:\/\/monpetitcppasapas.com\/index.php?rest_route=\/wp\/v2\/pages\/1739\/revisions\/3788"}],"wp:attachment":[{"href":"https:\/\/monpetitcppasapas.com\/index.php?rest_route=%2Fwp%2Fv2%2Fmedia&parent=1739"}],"curies":[{"name":"wp","href":"https:\/\/api.w.org\/{rel}","templated":true}]}}