{"id":1972,"date":"2019-06-27T07:07:36","date_gmt":"2019-06-27T05:07:36","guid":{"rendered":"http:\/\/monpetitcppasapas.com\/?p=1972"},"modified":"2020-10-24T12:09:29","modified_gmt":"2020-10-24T10:09:29","slug":"lectures-en-periode-1","status":"publish","type":"page","link":"https:\/\/monpetitcppasapas.com\/?page_id=1972","title":{"rendered":"Lectures en p\u00e9riode 1"},"content":{"rendered":"\t\t<div data-elementor-type=\"wp-post\" data-elementor-id=\"1972\" class=\"elementor elementor-1972\">\n\t\t\t\t\t\t<div class=\"elementor-inner\">\n\t\t\t\t<div class=\"elementor-section-wrap\">\n\t\t\t\t\t\t\t\t\t<section class=\"elementor-section elementor-top-section elementor-element elementor-element-0da85cc elementor-section-boxed elementor-section-height-default elementor-section-height-default\" data-id=\"0da85cc\" data-element_type=\"section\">\n\t\t\t\t\t\t<div class=\"elementor-container elementor-column-gap-default\">\n\t\t\t\t\t\t\t<div class=\"elementor-row\">\n\t\t\t\t\t<div class=\"elementor-column elementor-col-100 elementor-top-column elementor-element elementor-element-e056e05\" data-id=\"e056e05\" data-element_type=\"column\">\n\t\t\t<div class=\"elementor-column-wrap elementor-element-populated\">\n\t\t\t\t\t\t\t<div class=\"elementor-widget-wrap\">\n\t\t\t\t\t\t<div class=\"elementor-element elementor-element-c2a2085 elementor-widget elementor-widget-text-editor\" data-id=\"c2a2085\" data-element_type=\"widget\" data-widget_type=\"text-editor.default\">\n\t\t\t\t<div class=\"elementor-widget-container\">\n\t\t\t\t\t\t\t\t<div class=\"elementor-text-editor elementor-clearfix\">\n\t\t\t\t<p>Les premi\u00e8res lectures sont souvent un peu d\u00e9stabilisantes pour les parents et pour certains enfants, car elles font appel \u00e0 une grande capacit\u00e9 de m\u00e9morisation de mots en lecture globale. L&rsquo;objectif est de comprendre\u00a0 que l&rsquo;on peut commencer \u00e0\u00a0 lire en \u00ab\u00a0reconnaissant\u00a0\u00bb des mots , de comprendre que chaque mot a sa place dans une phrase pour lui donner sens , que chaque lettre fait un bruit diff\u00e9rent et s&rsquo;associe \u00e0 d&rsquo;autres lettres pour faire un mot. une forme de plong\u00e9e dans le grand bain qui se doit rassurante et encourageante.<\/p><p><span style=\"text-decoration: underline;\"><strong>Il faut pour cela demander aux \u00e9l\u00e8ves de :<\/strong><\/span><\/p><p>-lire avec le doigt en montrant bien chaque mot pour ne pas se perdre dan la phrase.<\/p><p>-jouer \u00e0 lire les mots dans le d\u00e9sordre.<\/p><p>-faire chanter l&rsquo;initiale de chaque mot pour en d\u00e9duire la suite (pour les mots particuli\u00e8rement difficiles)<\/p><p><span style=\"text-decoration: underline;\"><strong>C\u00f4t\u00e9 entra\u00eenement pour ceux qui ont un peu de difficult\u00e9:<\/strong><\/span><\/p><p>&#8211; \u00e9peler les lettres de certains mots<\/p><p>&#8211; relire ces premiers textes avec un cache.<\/p><p>&#8211; jouer avec des \u00e9tiquettes pour lire les mots soit pioch\u00e9s au hasard, soit pour reconstruire une phrase.<\/p><p>-lire les mots d&rsquo;une phrase dans le d\u00e9sordre.<\/p><p>Voici les trois affiches mises au tableau lors de la d\u00e9couverte d&rsquo;un nouveau texte, dite \u00ab\u00a0la p\u00eache aux mots\u00a0\u00bb<\/p>\t\t\t\t\t<\/div>\n\t\t\t\t\t\t<\/div>\n\t\t\t\t<\/div>\n\t\t\t\t\t\t<\/div>\n\t\t\t\t\t<\/div>\n\t\t<\/div>\n\t\t\t\t\t\t\t\t<\/div>\n\t\t\t\t\t<\/div>\n\t\t<\/section>\n\t\t\t\t<section class=\"elementor-section elementor-top-section elementor-element elementor-element-60a2c61 elementor-section-boxed elementor-section-height-default elementor-section-height-default\" data-id=\"60a2c61\" data-element_type=\"section\">\n\t\t\t\t\t\t<div class=\"elementor-container elementor-column-gap-default\">\n\t\t\t\t\t\t\t<div class=\"elementor-row\">\n\t\t\t\t\t<div class=\"elementor-column elementor-col-100 elementor-top-column elementor-element elementor-element-9cbd033\" data-id=\"9cbd033\" data-element_type=\"column\">\n\t\t\t<div class=\"elementor-column-wrap elementor-element-populated\">\n\t\t\t\t\t\t\t<div class=\"elementor-widget-wrap\">\n\t\t\t\t\t\t<div class=\"elementor-element elementor-element-8617e0f elementor-widget elementor-widget-image\" data-id=\"8617e0f\" data-element_type=\"widget\" data-widget_type=\"image.default\">\n\t\t\t\t<div class=\"elementor-widget-container\">\n\t\t\t\t\t\t\t\t<div class=\"elementor-image\">\n\t\t\t\t\t\t\t\t\t\t\t\t<img src=\"https:\/\/monpetitcppasapas.com\/wp-content\/uploads\/2019\/06\/\u00e9tapes.png\" title=\"\u00e9tapes\" alt=\"\u00e9tapes\" \/>\t\t\t\t\t\t\t\t\t\t\t\t\t\t<\/div>\n\t\t\t\t\t\t<\/div>\n\t\t\t\t<\/div>\n\t\t\t\t\t\t<\/div>\n\t\t\t\t\t<\/div>\n\t\t<\/div>\n\t\t\t\t\t\t\t\t<\/div>\n\t\t\t\t\t<\/div>\n\t\t<\/section>\n\t\t\t\t<section class=\"elementor-section elementor-top-section elementor-element elementor-element-d2b9b40 elementor-section-boxed elementor-section-height-default elementor-section-height-default\" data-id=\"d2b9b40\" data-element_type=\"section\">\n\t\t\t\t\t\t<div class=\"elementor-container elementor-column-gap-default\">\n\t\t\t\t\t\t\t<div class=\"elementor-row\">\n\t\t\t\t\t<div class=\"elementor-column elementor-col-100 elementor-top-column elementor-element elementor-element-066691f\" data-id=\"066691f\" data-element_type=\"column\">\n\t\t\t<div class=\"elementor-column-wrap elementor-element-populated\">\n\t\t\t\t\t\t\t<div class=\"elementor-widget-wrap\">\n\t\t\t\t\t\t<div class=\"elementor-element elementor-element-b8f740d elementor-widget elementor-widget-text-editor\" data-id=\"b8f740d\" data-element_type=\"widget\" data-widget_type=\"text-editor.default\">\n\t\t\t\t<div class=\"elementor-widget-container\">\n\t\t\t\t\t\t\t\t<div class=\"elementor-text-editor elementor-clearfix\">\n\t\t\t\t<p style=\"text-align: center;\"><a href=\"http:\/\/monpetitcppasapas.com\/wp-content\/uploads\/2019\/06\/images-\u00e9tapes-de-la-lecture.pdf\" target=\"_blank\" rel=\"noopener\">Affichettes \u00e9tapes de la lecture<\/a><\/p>\t\t\t\t\t<\/div>\n\t\t\t\t\t\t<\/div>\n\t\t\t\t<\/div>\n\t\t\t\t\t\t<\/div>\n\t\t\t\t\t<\/div>\n\t\t<\/div>\n\t\t\t\t\t\t\t\t<\/div>\n\t\t\t\t\t<\/div>\n\t\t<\/section>\n\t\t\t\t<section class=\"elementor-section elementor-top-section elementor-element elementor-element-ba2d9e4 elementor-section-boxed elementor-section-height-default elementor-section-height-default\" data-id=\"ba2d9e4\" data-element_type=\"section\">\n\t\t\t\t\t\t<div class=\"elementor-container elementor-column-gap-default\">\n\t\t\t\t\t\t\t<div class=\"elementor-row\">\n\t\t\t\t\t<div class=\"elementor-column elementor-col-100 elementor-top-column elementor-element elementor-element-d72fb01\" data-id=\"d72fb01\" data-element_type=\"column\">\n\t\t\t<div class=\"elementor-column-wrap elementor-element-populated\">\n\t\t\t\t\t\t\t<div class=\"elementor-widget-wrap\">\n\t\t\t\t\t\t<div class=\"elementor-element elementor-element-38f362a elementor-widget elementor-widget-text-editor\" data-id=\"38f362a\" data-element_type=\"widget\" data-widget_type=\"text-editor.default\">\n\t\t\t\t<div class=\"elementor-widget-container\">\n\t\t\t\t\t\t\t\t<div class=\"elementor-text-editor elementor-clearfix\">\n\t\t\t\t<p style=\"text-align: center;\">Parall\u00e8lement \u00e0 cette plong\u00e9e dans les mots il va de soi que l&rsquo;on travaille sans rel\u00e2che l&rsquo;apprentissage des sons \u00e0 l&rsquo;aide des livrets propos\u00e9s dans la rubrique : <a href=\"http:\/\/monpetitcppasapas.com\/?p=1752\" target=\"_blank\" rel=\"noopener\"><em>\u00e9tude des sons pour l&rsquo;ann\u00e9e.<\/em><\/a><\/p><p>Cette double entr\u00e9e permet de dire que l&rsquo;on applique une <span style=\"text-decoration: underline;\"><strong>m\u00e9thode mixte<\/strong><\/span>.\u00a0<\/p><p>\u00a0Chacun choisit ( ou non ) l&rsquo;entr\u00e9e qui lui convient le mieux pour aborder la lecture d&rsquo;un mot ( ciseaux\/appareil photo et d\u00e9duction ).<\/p><p>\u00a0<\/p>\t\t\t\t\t<\/div>\n\t\t\t\t\t\t<\/div>\n\t\t\t\t<\/div>\n\t\t\t\t\t\t<\/div>\n\t\t\t\t\t<\/div>\n\t\t<\/div>\n\t\t\t\t\t\t\t\t<\/div>\n\t\t\t\t\t<\/div>\n\t\t<\/section>\n\t\t\t\t<section class=\"elementor-section elementor-top-section elementor-element elementor-element-3f32065 elementor-section-boxed elementor-section-height-default elementor-section-height-default\" data-id=\"3f32065\" data-element_type=\"section\">\n\t\t\t\t\t\t<div class=\"elementor-container elementor-column-gap-default\">\n\t\t\t\t\t\t\t<div class=\"elementor-row\">\n\t\t\t\t\t<div class=\"elementor-column elementor-col-100 elementor-top-column elementor-element elementor-element-f1dd30f\" data-id=\"f1dd30f\" data-element_type=\"column\">\n\t\t\t<div class=\"elementor-column-wrap elementor-element-populated\">\n\t\t\t\t\t\t\t<div class=\"elementor-widget-wrap\">\n\t\t\t\t\t\t<div class=\"elementor-element elementor-element-aaf4fec elementor-widget elementor-widget-text-editor\" data-id=\"aaf4fec\" data-element_type=\"widget\" data-widget_type=\"text-editor.default\">\n\t\t\t\t<div class=\"elementor-widget-container\">\n\t\t\t\t\t\t\t\t<div class=\"elementor-text-editor elementor-clearfix\">\n\t\t\t\t<p style=\"text-align: center;\"><span style=\"text-decoration: underline;\"><span style=\"color: #008080; text-decoration: underline;\">Voici quelques albums pour commencer\u00a0 l&rsquo;ann\u00e9e !<\/span><\/span><\/p>\t\t\t\t\t<\/div>\n\t\t\t\t\t\t<\/div>\n\t\t\t\t<\/div>\n\t\t\t\t\t\t<\/div>\n\t\t\t\t\t<\/div>\n\t\t<\/div>\n\t\t\t\t\t\t\t\t<\/div>\n\t\t\t\t\t<\/div>\n\t\t<\/section>\n\t\t\t\t<section class=\"elementor-section elementor-top-section elementor-element elementor-element-078d06d elementor-section-boxed elementor-section-height-default elementor-section-height-default\" data-id=\"078d06d\" data-element_type=\"section\">\n\t\t\t\t\t\t<div class=\"elementor-container elementor-column-gap-default\">\n\t\t\t\t\t\t\t<div class=\"elementor-row\">\n\t\t\t\t\t<div class=\"elementor-column elementor-col-100 elementor-top-column elementor-element elementor-element-2f9d1c5\" data-id=\"2f9d1c5\" data-element_type=\"column\">\n\t\t\t<div class=\"elementor-column-wrap elementor-element-populated\">\n\t\t\t\t\t\t\t<div class=\"elementor-widget-wrap\">\n\t\t\t\t\t\t<div class=\"elementor-element elementor-element-40a84ed elementor-widget elementor-widget-text-editor\" data-id=\"40a84ed\" data-element_type=\"widget\" data-widget_type=\"text-editor.default\">\n\t\t\t\t<div class=\"elementor-widget-container\">\n\t\t\t\t\t\t\t\t<div class=\"elementor-text-editor elementor-clearfix\">\n\t\t\t\t<p>Les liens ci-dessous vous permettront\u00a0 de d\u00e9couvrir les albums de cette p\u00e9riode accompagn\u00e9s de leurs documents de travail.<\/p>\t\t\t\t\t<\/div>\n\t\t\t\t\t\t<\/div>\n\t\t\t\t<\/div>\n\t\t\t\t\t\t<\/div>\n\t\t\t\t\t<\/div>\n\t\t<\/div>\n\t\t\t\t\t\t\t\t<\/div>\n\t\t\t\t\t<\/div>\n\t\t<\/section>\n\t\t\t\t<section class=\"elementor-section elementor-top-section elementor-element elementor-element-87b29f0 elementor-section-boxed elementor-section-height-default elementor-section-height-default\" data-id=\"87b29f0\" data-element_type=\"section\">\n\t\t\t\t\t\t<div class=\"elementor-container elementor-column-gap-default\">\n\t\t\t\t\t\t\t<div class=\"elementor-row\">\n\t\t\t\t\t<div class=\"elementor-column elementor-col-33 elementor-top-column elementor-element elementor-element-4a0177c\" data-id=\"4a0177c\" data-element_type=\"column\">\n\t\t\t<div class=\"elementor-column-wrap elementor-element-populated\">\n\t\t\t\t\t\t\t<div class=\"elementor-widget-wrap\">\n\t\t\t\t\t\t<div class=\"elementor-element elementor-element-cc3f3d2 elementor-widget elementor-widget-text-editor\" data-id=\"cc3f3d2\" data-element_type=\"widget\" data-widget_type=\"text-editor.default\">\n\t\t\t\t<div class=\"elementor-widget-container\">\n\t\t\t\t\t\t\t\t<div class=\"elementor-text-editor elementor-clearfix\">\n\t\t\t\t<p style=\"text-align: center;\"><em><a href=\"http:\/\/monpetitcppasapas.com\/?p=1989\" target=\"_blank\" rel=\"noopener\"><strong><span style=\"text-decoration: underline; color: #ff0000;\">Rita et Machin<\/span><\/strong><\/a><\/em><\/p><p>Jean-Philippe Arrou-Vignod,\u00a0Olivier Tallec<\/p><p><a href=\"http:\/\/monpetitcppasapas.com\/?p=1989\" target=\"_blank\" rel=\"noopener\"><img loading=\"lazy\" class=\"alignnone size-medium wp-image-1991\" src=\"http:\/\/monpetitcppasapas.com\/wp-content\/uploads\/2019\/06\/91znLgMFxuL-293x300.jpg\" alt=\"\" width=\"293\" height=\"300\" srcset=\"https:\/\/monpetitcppasapas.com\/wp-content\/uploads\/2019\/06\/91znLgMFxuL-293x300.jpg 293w, https:\/\/monpetitcppasapas.com\/wp-content\/uploads\/2019\/06\/91znLgMFxuL-768x786.jpg 768w, https:\/\/monpetitcppasapas.com\/wp-content\/uploads\/2019\/06\/91znLgMFxuL-1001x1024.jpg 1001w\" sizes=\"(max-width: 293px) 100vw, 293px\" \/><\/a><\/p>\t\t\t\t\t<\/div>\n\t\t\t\t\t\t<\/div>\n\t\t\t\t<\/div>\n\t\t\t\t\t\t<\/div>\n\t\t\t\t\t<\/div>\n\t\t<\/div>\n\t\t\t\t<div class=\"elementor-column elementor-col-33 elementor-top-column elementor-element elementor-element-d97cd71\" data-id=\"d97cd71\" data-element_type=\"column\">\n\t\t\t<div class=\"elementor-column-wrap\">\n\t\t\t\t\t\t\t<div class=\"elementor-widget-wrap\">\n\t\t\t\t\t\t\t\t<\/div>\n\t\t\t\t\t<\/div>\n\t\t<\/div>\n\t\t\t\t<div class=\"elementor-column elementor-col-33 elementor-top-column elementor-element elementor-element-d97cc89\" data-id=\"d97cc89\" data-element_type=\"column\">\n\t\t\t<div class=\"elementor-column-wrap\">\n\t\t\t\t\t\t\t<div class=\"elementor-widget-wrap\">\n\t\t\t\t\t\t\t\t<\/div>\n\t\t\t\t\t<\/div>\n\t\t<\/div>\n\t\t\t\t\t\t\t\t<\/div>\n\t\t\t\t\t<\/div>\n\t\t<\/section>\n\t\t\t\t\t\t\t\t\t<\/div>\n\t\t\t<\/div>\n\t\t\t\t\t<\/div>\n\t\t","protected":false},"excerpt":{"rendered":"<p>Les premi\u00e8res lectures sont souvent un peu d\u00e9stabilisantes pour les parents et pour certains enfants, car elles font appel \u00e0 une grande capacit\u00e9 de m\u00e9morisation [&hellip;] <span class=\"read-more-link\"><a class=\"read-more\" href=\"https:\/\/monpetitcppasapas.com\/?page_id=1972\">Read More<\/a><\/span><\/p>\n","protected":false},"author":1,"featured_media":0,"parent":0,"menu_order":0,"comment_status":"open","ping_status":"open","template":"","meta":[],"yoast_head":"<!-- This site is optimized with the Yoast SEO plugin v15.1.1 - https:\/\/yoast.com\/wordpress\/plugins\/seo\/ -->\n<title>Lectures en p\u00e9riode 1 - Mon Petit CP Pas \u00e0 pas<\/title>\n<meta name=\"robots\" content=\"index, follow, max-snippet:-1, max-image-preview:large, max-video-preview:-1\" \/>\n<link rel=\"canonical\" href=\"https:\/\/monpetitcppasapas.com\/?page_id=1972\" \/>\n<meta property=\"og:locale\" content=\"fr_FR\" \/>\n<meta property=\"og:type\" content=\"article\" \/>\n<meta property=\"og:title\" content=\"Lectures en p\u00e9riode 1 - Mon Petit CP Pas \u00e0 pas\" \/>\n<meta property=\"og:description\" content=\"Les premi\u00e8res lectures sont souvent un peu d\u00e9stabilisantes pour les parents et pour certains enfants, car elles font appel \u00e0 une grande capacit\u00e9 de m\u00e9morisation [&hellip;] Read More\" \/>\n<meta property=\"og:url\" content=\"https:\/\/monpetitcppasapas.com\/?page_id=1972\" \/>\n<meta property=\"og:site_name\" content=\"Mon Petit CP Pas \u00e0 pas\" \/>\n<meta property=\"article:modified_time\" content=\"2020-10-24T10:09:29+00:00\" \/>\n<meta property=\"og:image\" content=\"http:\/\/monpetitcppasapas.com\/wp-content\/uploads\/elementor\/thumbs\/tapes-o9x8s6ntso5ah3kq149fbvpqvnd0qsrqigp1d5asak.png\" \/>\n<meta name=\"twitter:card\" content=\"summary_large_image\" \/>\n<script type=\"application\/ld+json\" class=\"yoast-schema-graph\">{\"@context\":\"https:\/\/schema.org\",\"@graph\":[{\"@type\":[\"Person\",\"Organization\"],\"@id\":\"https:\/\/monpetitcppasapas.com\/#\/schema\/person\/584629a552b22851431c0cc51b50bc31\",\"name\":\"admin5332\",\"image\":{\"@type\":\"ImageObject\",\"@id\":\"https:\/\/monpetitcppasapas.com\/#personlogo\",\"inLanguage\":\"fr-FR\",\"url\":\"https:\/\/secure.gravatar.com\/avatar\/d4d07dfbba3dd9e93dbac685f02e7c18?s=96&d=mm&r=g\",\"caption\":\"admin5332\"},\"logo\":{\"@id\":\"https:\/\/monpetitcppasapas.com\/#personlogo\"}},{\"@type\":\"WebSite\",\"@id\":\"https:\/\/monpetitcppasapas.com\/#website\",\"url\":\"https:\/\/monpetitcppasapas.com\/\",\"name\":\"Mon Petit CP Pas \\u00e0 pas\",\"description\":\"Parce que apprendre est grand et multiple\",\"publisher\":{\"@id\":\"https:\/\/monpetitcppasapas.com\/#\/schema\/person\/584629a552b22851431c0cc51b50bc31\"},\"potentialAction\":[{\"@type\":\"SearchAction\",\"target\":\"https:\/\/monpetitcppasapas.com\/?s={search_term_string}\",\"query-input\":\"required name=search_term_string\"}],\"inLanguage\":\"fr-FR\"},{\"@type\":\"ImageObject\",\"@id\":\"https:\/\/monpetitcppasapas.com\/?page_id=1972#primaryimage\",\"inLanguage\":\"fr-FR\",\"url\":\"http:\/\/monpetitcppasapas.com\/wp-content\/uploads\/elementor\/thumbs\/tapes-o9x8s6ntso5ah3kq149fbvpqvnd0qsrqigp1d5asak.png\"},{\"@type\":\"WebPage\",\"@id\":\"https:\/\/monpetitcppasapas.com\/?page_id=1972#webpage\",\"url\":\"https:\/\/monpetitcppasapas.com\/?page_id=1972\",\"name\":\"Lectures en p\\u00e9riode 1 - Mon Petit CP Pas \\u00e0 pas\",\"isPartOf\":{\"@id\":\"https:\/\/monpetitcppasapas.com\/#website\"},\"primaryImageOfPage\":{\"@id\":\"https:\/\/monpetitcppasapas.com\/?page_id=1972#primaryimage\"},\"datePublished\":\"2019-06-27T05:07:36+00:00\",\"dateModified\":\"2020-10-24T10:09:29+00:00\",\"inLanguage\":\"fr-FR\",\"potentialAction\":[{\"@type\":\"ReadAction\",\"target\":[\"https:\/\/monpetitcppasapas.com\/?page_id=1972\"]}]}]}<\/script>\n<!-- \/ Yoast SEO plugin. -->","_links":{"self":[{"href":"https:\/\/monpetitcppasapas.com\/index.php?rest_route=\/wp\/v2\/pages\/1972"}],"collection":[{"href":"https:\/\/monpetitcppasapas.com\/index.php?rest_route=\/wp\/v2\/pages"}],"about":[{"href":"https:\/\/monpetitcppasapas.com\/index.php?rest_route=\/wp\/v2\/types\/page"}],"author":[{"embeddable":true,"href":"https:\/\/monpetitcppasapas.com\/index.php?rest_route=\/wp\/v2\/users\/1"}],"replies":[{"embeddable":true,"href":"https:\/\/monpetitcppasapas.com\/index.php?rest_route=%2Fwp%2Fv2%2Fcomments&post=1972"}],"version-history":[{"count":28,"href":"https:\/\/monpetitcppasapas.com\/index.php?rest_route=\/wp\/v2\/pages\/1972\/revisions"}],"predecessor-version":[{"id":5050,"href":"https:\/\/monpetitcppasapas.com\/index.php?rest_route=\/wp\/v2\/pages\/1972\/revisions\/5050"}],"wp:attachment":[{"href":"https:\/\/monpetitcppasapas.com\/index.php?rest_route=%2Fwp%2Fv2%2Fmedia&parent=1972"}],"curies":[{"name":"wp","href":"https:\/\/api.w.org\/{rel}","templated":true}]}}