{"id":222,"date":"2018-09-07T11:42:09","date_gmt":"2018-09-07T09:42:09","guid":{"rendered":"http:\/\/monpetitcppasapas.com\/?page_id=222"},"modified":"2024-11-17T09:41:12","modified_gmt":"2024-11-17T08:41:12","slug":"accueil","status":"publish","type":"page","link":"https:\/\/monpetitcppasapas.com\/","title":{"rendered":"Accueil"},"content":{"rendered":"\t\t<div data-elementor-type=\"wp-post\" data-elementor-id=\"222\" class=\"elementor elementor-222\">\n\t\t\t\t\t\t<div class=\"elementor-inner\">\n\t\t\t\t<div class=\"elementor-section-wrap\">\n\t\t\t\t\t\t\t\t\t<section class=\"elementor-section elementor-top-section elementor-element elementor-element-2bbbe30 elementor-section-boxed elementor-section-height-default elementor-section-height-default\" data-id=\"2bbbe30\" data-element_type=\"section\">\n\t\t\t\t\t\t<div class=\"elementor-container elementor-column-gap-default\">\n\t\t\t\t\t\t\t<div class=\"elementor-row\">\n\t\t\t\t\t<div class=\"elementor-column elementor-col-100 elementor-top-column elementor-element elementor-element-fe40ce3\" data-id=\"fe40ce3\" data-element_type=\"column\">\n\t\t\t<div class=\"elementor-column-wrap elementor-element-populated\">\n\t\t\t\t\t\t\t<div class=\"elementor-widget-wrap\">\n\t\t\t\t\t\t<div class=\"elementor-element elementor-element-51397a4 elementor-widget elementor-widget-text-editor\" data-id=\"51397a4\" data-element_type=\"widget\" data-widget_type=\"text-editor.default\">\n\t\t\t\t<div class=\"elementor-widget-container\">\n\t\t\t\t\t\t\t\t<div class=\"elementor-text-editor elementor-clearfix\">\n\t\t\t\t<p>Site en construction ! N&rsquo;h\u00e9sitez pas \u00e0 venir r\u00e9guli\u00e8rement d\u00e9couvrir les nouveaux contenus !<\/p>\t\t\t\t\t<\/div>\n\t\t\t\t\t\t<\/div>\n\t\t\t\t<\/div>\n\t\t\t\t\t\t<\/div>\n\t\t\t\t\t<\/div>\n\t\t<\/div>\n\t\t\t\t\t\t\t\t<\/div>\n\t\t\t\t\t<\/div>\n\t\t<\/section>\n\t\t\t\t<section class=\"elementor-section elementor-top-section elementor-element elementor-element-d0da08d elementor-section-boxed elementor-section-height-default elementor-section-height-default\" data-id=\"d0da08d\" data-element_type=\"section\">\n\t\t\t\t\t\t<div class=\"elementor-container elementor-column-gap-default\">\n\t\t\t\t\t\t\t<div class=\"elementor-row\">\n\t\t\t\t\t<div class=\"elementor-column elementor-col-100 elementor-top-column elementor-element elementor-element-6ebf30e\" data-id=\"6ebf30e\" data-element_type=\"column\">\n\t\t\t<div class=\"elementor-column-wrap elementor-element-populated\">\n\t\t\t\t\t\t\t<div class=\"elementor-widget-wrap\">\n\t\t\t\t\t\t<div class=\"elementor-element elementor-element-e292e90 elementor-widget elementor-widget-image\" data-id=\"e292e90\" data-element_type=\"widget\" data-widget_type=\"image.default\">\n\t\t\t\t<div class=\"elementor-widget-container\">\n\t\t\t\t\t\t\t\t<div class=\"elementor-image\">\n\t\t\t\t\t\t\t\t\t\t\t\t<img width=\"640\" height=\"182\" src=\"https:\/\/monpetitcppasapas.com\/wp-content\/uploads\/2018\/12\/titre_accueil5.jpg\" class=\"attachment-medium_large size-medium_large\" alt=\"\" loading=\"lazy\" srcset=\"https:\/\/monpetitcppasapas.com\/wp-content\/uploads\/2018\/12\/titre_accueil5.jpg 640w, https:\/\/monpetitcppasapas.com\/wp-content\/uploads\/2018\/12\/titre_accueil5-300x85.jpg 300w\" sizes=\"(max-width: 640px) 100vw, 640px\" \/>\t\t\t\t\t\t\t\t\t\t\t\t\t\t<\/div>\n\t\t\t\t\t\t<\/div>\n\t\t\t\t<\/div>\n\t\t\t\t\t\t<\/div>\n\t\t\t\t\t<\/div>\n\t\t<\/div>\n\t\t\t\t\t\t\t\t<\/div>\n\t\t\t\t\t<\/div>\n\t\t<\/section>\n\t\t\t\t<section class=\"elementor-section elementor-top-section elementor-element elementor-element-c57572d elementor-section-boxed elementor-section-height-default elementor-section-height-default\" data-id=\"c57572d\" data-element_type=\"section\">\n\t\t\t\t\t\t<div class=\"elementor-container elementor-column-gap-default\">\n\t\t\t\t\t\t\t<div class=\"elementor-row\">\n\t\t\t\t\t<div class=\"elementor-column elementor-col-100 elementor-top-column elementor-element elementor-element-ab56d51\" data-id=\"ab56d51\" data-element_type=\"column\">\n\t\t\t<div class=\"elementor-column-wrap elementor-element-populated\">\n\t\t\t\t\t\t\t<div class=\"elementor-widget-wrap\">\n\t\t\t\t\t\t<div class=\"elementor-element elementor-element-03f42ab elementor-widget elementor-widget-text-editor\" data-id=\"03f42ab\" data-element_type=\"widget\" data-widget_type=\"text-editor.default\">\n\t\t\t\t<div class=\"elementor-widget-container\">\n\t\t\t\t\t\t\t\t<div class=\"elementor-text-editor elementor-clearfix\">\n\t\t\t\t<p><br><\/p>\n<p>Le cours pr\u00e9paratoire est&nbsp; une ann\u00e9e monumentale ( pour l&rsquo;enfant ) et gratifiante ( pour l&rsquo;enseignant ) . Personnellement, je ne m&rsquo;y suis jamais ennuy\u00e9e tant l&rsquo;approche des sujets est riche et complexe.&nbsp; &nbsp;J&rsquo;esp\u00e8re que vous trouverez sur ce site&nbsp; de quoi travailler et enrichir votre pratique de classe pour une ann\u00e9e ( au moins ! ). Bonne recherche !<\/p>\n<p>Merci \u00e0 tous ceux qui se sont lanc\u00e9s avant moi&nbsp; car ils sont ma plus grande motivation dans ce projet.<\/p>\t\t\t\t\t<\/div>\n\t\t\t\t\t\t<\/div>\n\t\t\t\t<\/div>\n\t\t\t\t\t\t<\/div>\n\t\t\t\t\t<\/div>\n\t\t<\/div>\n\t\t\t\t\t\t\t\t<\/div>\n\t\t\t\t\t<\/div>\n\t\t<\/section>\n\t\t\t\t<section class=\"elementor-section elementor-top-section elementor-element elementor-element-abcca17 elementor-section-boxed elementor-section-height-default elementor-section-height-default\" data-id=\"abcca17\" data-element_type=\"section\">\n\t\t\t\t\t\t<div class=\"elementor-container elementor-column-gap-default\">\n\t\t\t\t\t\t\t<div class=\"elementor-row\">\n\t\t\t\t\t<div class=\"elementor-column elementor-col-33 elementor-top-column elementor-element elementor-element-fa64b5e\" data-id=\"fa64b5e\" data-element_type=\"column\">\n\t\t\t<div class=\"elementor-column-wrap\">\n\t\t\t\t\t\t\t<div class=\"elementor-widget-wrap\">\n\t\t\t\t\t\t\t\t<\/div>\n\t\t\t\t\t<\/div>\n\t\t<\/div>\n\t\t\t\t<div class=\"elementor-column elementor-col-33 elementor-top-column elementor-element elementor-element-5c464e6\" data-id=\"5c464e6\" data-element_type=\"column\">\n\t\t\t<div class=\"elementor-column-wrap elementor-element-populated\">\n\t\t\t\t\t\t\t<div class=\"elementor-widget-wrap\">\n\t\t\t\t\t\t<div class=\"elementor-element elementor-element-f3aa78d elementor-widget elementor-widget-image\" data-id=\"f3aa78d\" data-element_type=\"widget\" data-widget_type=\"image.default\">\n\t\t\t\t<div class=\"elementor-widget-container\">\n\t\t\t\t\t\t\t\t<div class=\"elementor-image\">\n\t\t\t\t\t\t\t\t\t\t\t\t<img width=\"1024\" height=\"847\" src=\"https:\/\/monpetitcppasapas.com\/wp-content\/uploads\/2018\/09\/machin-accueil-1024x847.jpg\" class=\"attachment-large size-large\" alt=\"\" loading=\"lazy\" srcset=\"https:\/\/monpetitcppasapas.com\/wp-content\/uploads\/2018\/09\/machin-accueil-1024x847.jpg 1024w, https:\/\/monpetitcppasapas.com\/wp-content\/uploads\/2018\/09\/machin-accueil-300x248.jpg 300w, https:\/\/monpetitcppasapas.com\/wp-content\/uploads\/2018\/09\/machin-accueil-768x635.jpg 768w, https:\/\/monpetitcppasapas.com\/wp-content\/uploads\/2018\/09\/machin-accueil.jpg 1074w\" sizes=\"(max-width: 1024px) 100vw, 1024px\" \/>\t\t\t\t\t\t\t\t\t\t\t\t\t\t<\/div>\n\t\t\t\t\t\t<\/div>\n\t\t\t\t<\/div>\n\t\t\t\t\t\t<\/div>\n\t\t\t\t\t<\/div>\n\t\t<\/div>\n\t\t\t\t<div class=\"elementor-column elementor-col-33 elementor-top-column elementor-element elementor-element-45d89eb\" data-id=\"45d89eb\" data-element_type=\"column\">\n\t\t\t<div class=\"elementor-column-wrap\">\n\t\t\t\t\t\t\t<div class=\"elementor-widget-wrap\">\n\t\t\t\t\t\t\t\t<\/div>\n\t\t\t\t\t<\/div>\n\t\t<\/div>\n\t\t\t\t\t\t\t\t<\/div>\n\t\t\t\t\t<\/div>\n\t\t<\/section>\n\t\t\t\t<section class=\"elementor-section elementor-top-section elementor-element elementor-element-8e7de1f elementor-section-boxed elementor-section-height-default elementor-section-height-default\" data-id=\"8e7de1f\" data-element_type=\"section\">\n\t\t\t\t\t\t<div class=\"elementor-container elementor-column-gap-default\">\n\t\t\t\t\t\t\t<div class=\"elementor-row\">\n\t\t\t\t\t<div class=\"elementor-column elementor-col-100 elementor-top-column elementor-element elementor-element-c0a1ffb\" data-id=\"c0a1ffb\" data-element_type=\"column\">\n\t\t\t<div class=\"elementor-column-wrap elementor-element-populated\">\n\t\t\t\t\t\t\t<div class=\"elementor-widget-wrap\">\n\t\t\t\t\t\t<div class=\"elementor-element elementor-element-aaf2d20 elementor-widget elementor-widget-text-editor\" data-id=\"aaf2d20\" data-element_type=\"widget\" data-widget_type=\"text-editor.default\">\n\t\t\t\t<div class=\"elementor-widget-container\">\n\t\t\t\t\t\t\t\t<div class=\"elementor-text-editor elementor-clearfix\">\n\t\t\t\t<p>Image extraite du livre\u00a0 \u00ab\u00a0Rita et Machin \u00e0 l&rsquo;\u00e9cole\u00a0\u00bb.\u00a0\u00a0<a class=\"m_7426114999875980141gmail-fl\" href=\"https:\/\/www.google.fr\/search?rlz=1C1ASRM_enFR661FR661&amp;q=Jean-Philippe+Arrou-Vignod&amp;stick=H4sIAAAAAAAAAOPgE-LVT9c3NEwyy6ssM6ksU-LSz9U3MK1ITy5J0ZLJTrbST8rPz9YvL8osKUnNiy_PL8q2SiwtycgvAgBZd7kLOwAAAA&amp;sa=X&amp;ved=2ahUKEwjVzIKNysLdAhUPJhoKHZI2AT8QmxMoATAfegQICRAi\" target=\"_blank\" rel=\"noopener\" data-saferedirecturl=\"https:\/\/www.google.com\/url?hl=fr&amp;q=https:\/\/www.google.fr\/search?rlz%3D1C1ASRM_enFR661FR661%26q%3DJean-Philippe%2BArrou-Vignod%26stick%3DH4sIAAAAAAAAAOPgE-LVT9c3NEwyy6ssM6ksU-LSz9U3MK1ITy5J0ZLJTrbST8rPz9YvL8osKUnNiy_PL8q2SiwtycgvAgBZd7kLOwAAAA%26sa%3DX%26ved%3D2ahUKEwjVzIKNysLdAhUPJhoKHZI2AT8QmxMoATAfegQICRAi&amp;source=gmail&amp;ust=1537294968266000&amp;usg=AFQjCNEBntx6Bv3IH-DzwoD66aWsBjgYnw\">Jean-Philippe Arrou-Vignod<\/a>,\u00a0<a class=\"m_7426114999875980141gmail-fl\" href=\"https:\/\/www.google.fr\/search?rlz=1C1ASRM_enFR661FR661&amp;q=Olivier+Tallec&amp;stick=H4sIAAAAAAAAAOPgE-LVT9c3NEwyy6ssM6ksU4JzS_KSUoy1ZLKTrfST8vOz9cuLMktKUvPiy_OLsq0SS0sy8osAw2cUBT4AAAA&amp;sa=X&amp;ved=2ahUKEwjVzIKNysLdAhUPJhoKHZI2AT8QmxMoAjAfegQICRAj\" target=\"_blank\" rel=\"noopener\" data-saferedirecturl=\"https:\/\/www.google.com\/url?hl=fr&amp;q=https:\/\/www.google.fr\/search?rlz%3D1C1ASRM_enFR661FR661%26q%3DOlivier%2BTallec%26stick%3DH4sIAAAAAAAAAOPgE-LVT9c3NEwyy6ssM6ksU4JzS_KSUoy1ZLKTrfST8vOz9cuLMktKUvPiy_OLsq0SS0sy8osAw2cUBT4AAAA%26sa%3DX%26ved%3D2ahUKEwjVzIKNysLdAhUPJhoKHZI2AT8QmxMoAjAfegQICRAj&amp;source=gmail&amp;ust=1537294968266000&amp;usg=AFQjCNEd4_VJT41hI1vn23HKImEHVLkhhw\">Olivier Tallec<\/a><\/p>\t\t\t\t\t<\/div>\n\t\t\t\t\t\t<\/div>\n\t\t\t\t<\/div>\n\t\t\t\t\t\t<\/div>\n\t\t\t\t\t<\/div>\n\t\t<\/div>\n\t\t\t\t\t\t\t\t<\/div>\n\t\t\t\t\t<\/div>\n\t\t<\/section>\n\t\t\t\t\t\t\t\t\t<\/div>\n\t\t\t<\/div>\n\t\t\t\t\t<\/div>\n\t\t","protected":false},"excerpt":{"rendered":"<p>Site en construction ! N&rsquo;h\u00e9sitez pas \u00e0 venir r\u00e9guli\u00e8rement d\u00e9couvrir les nouveaux contenus ! Le cours pr\u00e9paratoire est&nbsp; une ann\u00e9e monumentale ( pour l&rsquo;enfant ) [&hellip;] <span class=\"read-more-link\"><a class=\"read-more\" href=\"https:\/\/monpetitcppasapas.com\/\">Read More<\/a><\/span><\/p>\n","protected":false},"author":1,"featured_media":0,"parent":0,"menu_order":0,"comment_status":"closed","ping_status":"closed","template":"","meta":[],"yoast_head":"<!-- This site is optimized with the Yoast SEO plugin v15.1.1 - https:\/\/yoast.com\/wordpress\/plugins\/seo\/ -->\n<title>Accueil - Mon Petit CP Pas \u00e0 pas<\/title>\n<meta name=\"robots\" content=\"index, follow, max-snippet:-1, max-image-preview:large, max-video-preview:-1\" \/>\n<link rel=\"canonical\" href=\"http:\/\/monpetitcppasapas.com\/\" \/>\n<meta property=\"og:locale\" content=\"fr_FR\" \/>\n<meta property=\"og:type\" content=\"article\" \/>\n<meta property=\"og:title\" content=\"Accueil - Mon Petit CP Pas \u00e0 pas\" \/>\n<meta property=\"og:description\" content=\"Site en construction ! N&rsquo;h\u00e9sitez pas \u00e0 venir r\u00e9guli\u00e8rement d\u00e9couvrir les nouveaux contenus ! Le cours pr\u00e9paratoire est&nbsp; une ann\u00e9e monumentale ( pour l&rsquo;enfant ) [&hellip;] Read More\" \/>\n<meta property=\"og:url\" content=\"http:\/\/monpetitcppasapas.com\/\" \/>\n<meta property=\"og:site_name\" content=\"Mon Petit CP Pas \u00e0 pas\" \/>\n<meta property=\"article:modified_time\" content=\"2024-11-17T08:41:12+00:00\" \/>\n<meta property=\"og:image\" content=\"http:\/\/monpetitcppasapas.com\/wp-content\/uploads\/2018\/12\/titre_accueil5.jpg\" \/>\n<meta name=\"twitter:card\" content=\"summary_large_image\" \/>\n<script type=\"application\/ld+json\" class=\"yoast-schema-graph\">{\"@context\":\"https:\/\/schema.org\",\"@graph\":[{\"@type\":[\"Person\",\"Organization\"],\"@id\":\"https:\/\/monpetitcppasapas.com\/#\/schema\/person\/584629a552b22851431c0cc51b50bc31\",\"name\":\"admin5332\",\"image\":{\"@type\":\"ImageObject\",\"@id\":\"https:\/\/monpetitcppasapas.com\/#personlogo\",\"inLanguage\":\"fr-FR\",\"url\":\"https:\/\/secure.gravatar.com\/avatar\/d4d07dfbba3dd9e93dbac685f02e7c18?s=96&d=mm&r=g\",\"caption\":\"admin5332\"},\"logo\":{\"@id\":\"https:\/\/monpetitcppasapas.com\/#personlogo\"}},{\"@type\":\"WebSite\",\"@id\":\"https:\/\/monpetitcppasapas.com\/#website\",\"url\":\"https:\/\/monpetitcppasapas.com\/\",\"name\":\"Mon Petit CP Pas \\u00e0 pas\",\"description\":\"Parce que apprendre est grand et multiple\",\"publisher\":{\"@id\":\"https:\/\/monpetitcppasapas.com\/#\/schema\/person\/584629a552b22851431c0cc51b50bc31\"},\"potentialAction\":[{\"@type\":\"SearchAction\",\"target\":\"https:\/\/monpetitcppasapas.com\/?s={search_term_string}\",\"query-input\":\"required name=search_term_string\"}],\"inLanguage\":\"fr-FR\"},{\"@type\":\"ImageObject\",\"@id\":\"http:\/\/monpetitcppasapas.com\/#primaryimage\",\"inLanguage\":\"fr-FR\",\"url\":\"http:\/\/monpetitcppasapas.com\/wp-content\/uploads\/2018\/12\/titre_accueil5.jpg\"},{\"@type\":\"WebPage\",\"@id\":\"http:\/\/monpetitcppasapas.com\/#webpage\",\"url\":\"http:\/\/monpetitcppasapas.com\/\",\"name\":\"Accueil - Mon Petit CP Pas \\u00e0 pas\",\"isPartOf\":{\"@id\":\"https:\/\/monpetitcppasapas.com\/#website\"},\"primaryImageOfPage\":{\"@id\":\"http:\/\/monpetitcppasapas.com\/#primaryimage\"},\"datePublished\":\"2018-09-07T09:42:09+00:00\",\"dateModified\":\"2024-11-17T08:41:12+00:00\",\"inLanguage\":\"fr-FR\",\"potentialAction\":[{\"@type\":\"ReadAction\",\"target\":[\"http:\/\/monpetitcppasapas.com\/\"]}]}]}<\/script>\n<!-- \/ Yoast SEO plugin. -->","_links":{"self":[{"href":"https:\/\/monpetitcppasapas.com\/index.php?rest_route=\/wp\/v2\/pages\/222"}],"collection":[{"href":"https:\/\/monpetitcppasapas.com\/index.php?rest_route=\/wp\/v2\/pages"}],"about":[{"href":"https:\/\/monpetitcppasapas.com\/index.php?rest_route=\/wp\/v2\/types\/page"}],"author":[{"embeddable":true,"href":"https:\/\/monpetitcppasapas.com\/index.php?rest_route=\/wp\/v2\/users\/1"}],"replies":[{"embeddable":true,"href":"https:\/\/monpetitcppasapas.com\/index.php?rest_route=%2Fwp%2Fv2%2Fcomments&post=222"}],"version-history":[{"count":34,"href":"https:\/\/monpetitcppasapas.com\/index.php?rest_route=\/wp\/v2\/pages\/222\/revisions"}],"predecessor-version":[{"id":6602,"href":"https:\/\/monpetitcppasapas.com\/index.php?rest_route=\/wp\/v2\/pages\/222\/revisions\/6602"}],"wp:attachment":[{"href":"https:\/\/monpetitcppasapas.com\/index.php?rest_route=%2Fwp%2Fv2%2Fmedia&parent=222"}],"curies":[{"name":"wp","href":"https:\/\/api.w.org\/{rel}","templated":true}]}}