{"id":2565,"date":"2019-07-08T21:36:05","date_gmt":"2019-07-08T19:36:05","guid":{"rendered":"http:\/\/monpetitcppasapas.com\/?p=2565"},"modified":"2020-10-24T12:10:44","modified_gmt":"2020-10-24T10:10:44","slug":"lectures-en-periode-4","status":"publish","type":"page","link":"https:\/\/monpetitcppasapas.com\/?page_id=2565","title":{"rendered":"Lectures en p\u00e9riode 4"},"content":{"rendered":"\t\t<div data-elementor-type=\"wp-post\" data-elementor-id=\"2565\" class=\"elementor elementor-2565\">\n\t\t\t\t\t\t<div class=\"elementor-inner\">\n\t\t\t\t<div class=\"elementor-section-wrap\">\n\t\t\t\t\t\t\t\t\t<section class=\"elementor-section elementor-top-section elementor-element elementor-element-41f7475 elementor-section-boxed elementor-section-height-default elementor-section-height-default\" data-id=\"41f7475\" data-element_type=\"section\">\n\t\t\t\t\t\t<div class=\"elementor-container elementor-column-gap-default\">\n\t\t\t\t\t\t\t<div class=\"elementor-row\">\n\t\t\t\t\t<div class=\"elementor-column elementor-col-100 elementor-top-column elementor-element elementor-element-4537d02\" data-id=\"4537d02\" data-element_type=\"column\">\n\t\t\t<div class=\"elementor-column-wrap elementor-element-populated\">\n\t\t\t\t\t\t\t<div class=\"elementor-widget-wrap\">\n\t\t\t\t\t\t<div class=\"elementor-element elementor-element-1ebe0a3 elementor-widget elementor-widget-text-editor\" data-id=\"1ebe0a3\" data-element_type=\"widget\" data-widget_type=\"text-editor.default\">\n\t\t\t\t<div class=\"elementor-widget-container\">\n\t\t\t\t\t\t\t\t<div class=\"elementor-text-editor elementor-clearfix\">\n\t\t\t\t<p>En p\u00e9riode 4, rares sont ceux qui n&rsquo;ont pas \u00ab\u00a0d\u00e9coll\u00e9\u00a0\u00bb en lecture. Nous sommes donc plus libres dans le choix des textes. Il ne faut cependant pas oublier ceux qui\u00a0 \u00a0avancent moins rapidement . Il est important de penser \u00e0 leur adapter la lecture (limiter la quantit\u00e9 de phrases, des exercices, &#8230;. ) afin de ne pas les d\u00e9courager. Selon le niveau de la classe, les albums propos\u00e9s ci-dessous sont de difficult\u00e9s variables (<span style=\"text-decoration: underline;\"><em> L&rsquo;anniversaire de Monsieur Guillaume<\/em> <\/span>est un album randonn\u00e9e qui contient encore des structures r\u00e9p\u00e9titives, donc plut\u00f4t facile )\u00a0<\/p><p style=\"text-align: center;\"><span style=\"text-decoration: underline;\"><span style=\"color: #00ccff; text-decoration: underline;\">Voici une s\u00e9lection d&rsquo;albums pour cette nouvelle p\u00e9riode.<\/span><\/span><\/p><div><span style=\"text-decoration: underline;\"><span style=\"color: #00ccff; text-decoration: underline;\">\u00a0<\/span><\/span><\/div><p style=\"text-align: center;\">Les liens ci-dessous vous permettront\u00a0 de d\u00e9couvrir les albums de cette p\u00e9riode accompagn\u00e9s de leurs documents de travail.<\/p>\t\t\t\t\t<\/div>\n\t\t\t\t\t\t<\/div>\n\t\t\t\t<\/div>\n\t\t\t\t\t\t<\/div>\n\t\t\t\t\t<\/div>\n\t\t<\/div>\n\t\t\t\t\t\t\t\t<\/div>\n\t\t\t\t\t<\/div>\n\t\t<\/section>\n\t\t\t\t<section class=\"elementor-section elementor-top-section elementor-element elementor-element-6e1722b elementor-section-boxed elementor-section-height-default elementor-section-height-default\" data-id=\"6e1722b\" data-element_type=\"section\">\n\t\t\t\t\t\t<div class=\"elementor-container elementor-column-gap-default\">\n\t\t\t\t\t\t\t<div class=\"elementor-row\">\n\t\t\t\t\t<div class=\"elementor-column elementor-col-33 elementor-top-column elementor-element elementor-element-5d63fc6\" data-id=\"5d63fc6\" data-element_type=\"column\">\n\t\t\t<div class=\"elementor-column-wrap elementor-element-populated\">\n\t\t\t\t\t\t\t<div class=\"elementor-widget-wrap\">\n\t\t\t\t\t\t<div class=\"elementor-element elementor-element-fbcca1e elementor-widget elementor-widget-text-editor\" data-id=\"fbcca1e\" data-element_type=\"widget\" data-widget_type=\"text-editor.default\">\n\t\t\t\t<div class=\"elementor-widget-container\">\n\t\t\t\t\t\t\t\t<div class=\"elementor-text-editor elementor-clearfix\">\n\t\t\t\t<p style=\"text-align: center;\"><a href=\"http:\/\/monpetitcppasapas.com\/?p=2577\" target=\"_blank\" rel=\"noopener\"><strong><span style=\"text-decoration: underline;\"><em><span style=\"color: #ff0000; text-decoration: underline;\">L&rsquo;anniversaire de Monsieur Guillaume<\/span><\/em><\/span><\/strong>.<\/a><\/p><p style=\"text-align: center;\">Ana\u00efs\u00a0 Vaugelade<\/p><p style=\"text-align: center;\"><a href=\"http:\/\/monpetitcppasapas.com\/?p=2577\" target=\"_blank\" rel=\"noopener\"><img loading=\"lazy\" class=\"alignnone size-medium wp-image-2579\" src=\"http:\/\/monpetitcppasapas.com\/wp-content\/uploads\/2019\/07\/anni-300x214.jpg\" alt=\"\" width=\"300\" height=\"214\" srcset=\"https:\/\/monpetitcppasapas.com\/wp-content\/uploads\/2019\/07\/anni-300x214.jpg 300w, https:\/\/monpetitcppasapas.com\/wp-content\/uploads\/2019\/07\/anni-768x547.jpg 768w, https:\/\/monpetitcppasapas.com\/wp-content\/uploads\/2019\/07\/anni.jpg 1000w\" sizes=\"(max-width: 300px) 100vw, 300px\" \/><\/a><\/p>\t\t\t\t\t<\/div>\n\t\t\t\t\t\t<\/div>\n\t\t\t\t<\/div>\n\t\t\t\t\t\t<\/div>\n\t\t\t\t\t<\/div>\n\t\t<\/div>\n\t\t\t\t<div class=\"elementor-column elementor-col-33 elementor-top-column elementor-element elementor-element-5294676\" data-id=\"5294676\" data-element_type=\"column\">\n\t\t\t<div class=\"elementor-column-wrap elementor-element-populated\">\n\t\t\t\t\t\t\t<div class=\"elementor-widget-wrap\">\n\t\t\t\t\t\t<div class=\"elementor-element elementor-element-b3fa4a3 elementor-widget elementor-widget-text-editor\" data-id=\"b3fa4a3\" data-element_type=\"widget\" data-widget_type=\"text-editor.default\">\n\t\t\t\t<div class=\"elementor-widget-container\">\n\t\t\t\t\t\t\t\t<div class=\"elementor-text-editor elementor-clearfix\">\n\t\t\t\t<p style=\"font-family: Nunito, sans-serif; font-size: 20px; text-align: center;\"><a href=\"http:\/\/monpetitcppasapas.com\/?p=4222\" target=\"_blank\"><b><i style=\"\"><u>Poulette Crevet<\/u><\/i><u><i>te<\/i><\/u><\/b><\/a><br><\/p>\n<p style=\"font-family: Nunito, sans-serif; font-size: 20px; text-align: center;\">Fran\u00e7oise Guillaumond et Cl\u00e9ment Oubrerie<\/p>\n<p style=\"font-family: Nunito, sans-serif; font-size: 20px; text-align: center;\"><img src=\"https:\/\/encrypted-tbn1.gstatic.com\/shopping?q=tbn:ANd9GcSInO2qzadR-e_2AD7LsQ22RcVPmtnvq1UYKBZc18h32q3z5Z2_ZHC0ro5EYpbKaOA9Tokg8JB8GYI&amp;usqp=CAc\" alt=\"Poulette Crevette\"><br><\/p>\t\t\t\t\t<\/div>\n\t\t\t\t\t\t<\/div>\n\t\t\t\t<\/div>\n\t\t\t\t\t\t<\/div>\n\t\t\t\t\t<\/div>\n\t\t<\/div>\n\t\t\t\t<div class=\"elementor-column elementor-col-33 elementor-top-column elementor-element elementor-element-6778d2d\" data-id=\"6778d2d\" data-element_type=\"column\">\n\t\t\t<div class=\"elementor-column-wrap\">\n\t\t\t\t\t\t\t<div class=\"elementor-widget-wrap\">\n\t\t\t\t\t\t\t\t<\/div>\n\t\t\t\t\t<\/div>\n\t\t<\/div>\n\t\t\t\t\t\t\t\t<\/div>\n\t\t\t\t\t<\/div>\n\t\t<\/section>\n\t\t\t\t\t\t\t\t\t<\/div>\n\t\t\t<\/div>\n\t\t\t\t\t<\/div>\n\t\t","protected":false},"excerpt":{"rendered":"<p>En p\u00e9riode 4, rares sont ceux qui n&rsquo;ont pas \u00ab\u00a0d\u00e9coll\u00e9\u00a0\u00bb en lecture. Nous sommes donc plus libres dans le choix des textes. Il ne faut [&hellip;] <span class=\"read-more-link\"><a class=\"read-more\" href=\"https:\/\/monpetitcppasapas.com\/?page_id=2565\">Read More<\/a><\/span><\/p>\n","protected":false},"author":1,"featured_media":0,"parent":0,"menu_order":0,"comment_status":"open","ping_status":"open","template":"","meta":[],"yoast_head":"<!-- This site is optimized with the Yoast SEO plugin v15.1.1 - https:\/\/yoast.com\/wordpress\/plugins\/seo\/ -->\n<title>Lectures en p\u00e9riode 4 - Mon Petit CP Pas \u00e0 pas<\/title>\n<meta name=\"robots\" content=\"index, follow, max-snippet:-1, max-image-preview:large, max-video-preview:-1\" \/>\n<link rel=\"canonical\" href=\"https:\/\/monpetitcppasapas.com\/?page_id=2565\" \/>\n<meta property=\"og:locale\" content=\"fr_FR\" \/>\n<meta property=\"og:type\" content=\"article\" \/>\n<meta property=\"og:title\" content=\"Lectures en p\u00e9riode 4 - Mon Petit CP Pas \u00e0 pas\" \/>\n<meta property=\"og:description\" content=\"En p\u00e9riode 4, rares sont ceux qui n&rsquo;ont pas \u00ab\u00a0d\u00e9coll\u00e9\u00a0\u00bb en lecture. Nous sommes donc plus libres dans le choix des textes. Il ne faut [&hellip;] Read More\" \/>\n<meta property=\"og:url\" content=\"https:\/\/monpetitcppasapas.com\/?page_id=2565\" \/>\n<meta property=\"og:site_name\" content=\"Mon Petit CP Pas \u00e0 pas\" \/>\n<meta property=\"article:modified_time\" content=\"2020-10-24T10:10:44+00:00\" \/>\n<meta property=\"og:image\" content=\"http:\/\/monpetitcppasapas.com\/wp-content\/uploads\/2019\/07\/anni-300x214.jpg\" \/>\n<meta name=\"twitter:card\" content=\"summary_large_image\" \/>\n<script type=\"application\/ld+json\" class=\"yoast-schema-graph\">{\"@context\":\"https:\/\/schema.org\",\"@graph\":[{\"@type\":[\"Person\",\"Organization\"],\"@id\":\"https:\/\/monpetitcppasapas.com\/#\/schema\/person\/584629a552b22851431c0cc51b50bc31\",\"name\":\"admin5332\",\"image\":{\"@type\":\"ImageObject\",\"@id\":\"https:\/\/monpetitcppasapas.com\/#personlogo\",\"inLanguage\":\"fr-FR\",\"url\":\"https:\/\/secure.gravatar.com\/avatar\/d4d07dfbba3dd9e93dbac685f02e7c18?s=96&d=mm&r=g\",\"caption\":\"admin5332\"},\"logo\":{\"@id\":\"https:\/\/monpetitcppasapas.com\/#personlogo\"}},{\"@type\":\"WebSite\",\"@id\":\"https:\/\/monpetitcppasapas.com\/#website\",\"url\":\"https:\/\/monpetitcppasapas.com\/\",\"name\":\"Mon Petit CP Pas \\u00e0 pas\",\"description\":\"Parce que apprendre est grand et multiple\",\"publisher\":{\"@id\":\"https:\/\/monpetitcppasapas.com\/#\/schema\/person\/584629a552b22851431c0cc51b50bc31\"},\"potentialAction\":[{\"@type\":\"SearchAction\",\"target\":\"https:\/\/monpetitcppasapas.com\/?s={search_term_string}\",\"query-input\":\"required name=search_term_string\"}],\"inLanguage\":\"fr-FR\"},{\"@type\":\"ImageObject\",\"@id\":\"https:\/\/monpetitcppasapas.com\/?page_id=2565#primaryimage\",\"inLanguage\":\"fr-FR\",\"url\":\"http:\/\/monpetitcppasapas.com\/wp-content\/uploads\/2019\/07\/anni-300x214.jpg\"},{\"@type\":\"WebPage\",\"@id\":\"https:\/\/monpetitcppasapas.com\/?page_id=2565#webpage\",\"url\":\"https:\/\/monpetitcppasapas.com\/?page_id=2565\",\"name\":\"Lectures en p\\u00e9riode 4 - Mon Petit CP Pas \\u00e0 pas\",\"isPartOf\":{\"@id\":\"https:\/\/monpetitcppasapas.com\/#website\"},\"primaryImageOfPage\":{\"@id\":\"https:\/\/monpetitcppasapas.com\/?page_id=2565#primaryimage\"},\"datePublished\":\"2019-07-08T19:36:05+00:00\",\"dateModified\":\"2020-10-24T10:10:44+00:00\",\"inLanguage\":\"fr-FR\",\"potentialAction\":[{\"@type\":\"ReadAction\",\"target\":[\"https:\/\/monpetitcppasapas.com\/?page_id=2565\"]}]}]}<\/script>\n<!-- \/ Yoast SEO plugin. -->","_links":{"self":[{"href":"https:\/\/monpetitcppasapas.com\/index.php?rest_route=\/wp\/v2\/pages\/2565"}],"collection":[{"href":"https:\/\/monpetitcppasapas.com\/index.php?rest_route=\/wp\/v2\/pages"}],"about":[{"href":"https:\/\/monpetitcppasapas.com\/index.php?rest_route=\/wp\/v2\/types\/page"}],"author":[{"embeddable":true,"href":"https:\/\/monpetitcppasapas.com\/index.php?rest_route=\/wp\/v2\/users\/1"}],"replies":[{"embeddable":true,"href":"https:\/\/monpetitcppasapas.com\/index.php?rest_route=%2Fwp%2Fv2%2Fcomments&post=2565"}],"version-history":[{"count":18,"href":"https:\/\/monpetitcppasapas.com\/index.php?rest_route=\/wp\/v2\/pages\/2565\/revisions"}],"predecessor-version":[{"id":5056,"href":"https:\/\/monpetitcppasapas.com\/index.php?rest_route=\/wp\/v2\/pages\/2565\/revisions\/5056"}],"wp:attachment":[{"href":"https:\/\/monpetitcppasapas.com\/index.php?rest_route=%2Fwp%2Fv2%2Fmedia&parent=2565"}],"curies":[{"name":"wp","href":"https:\/\/api.w.org\/{rel}","templated":true}]}}