{"id":2695,"date":"2019-07-14T12:28:20","date_gmt":"2019-07-14T10:28:20","guid":{"rendered":"http:\/\/monpetitcppasapas.com\/?p=2695"},"modified":"2020-10-24T12:11:05","modified_gmt":"2020-10-24T10:11:05","slug":"lectures-en-periode-5","status":"publish","type":"page","link":"https:\/\/monpetitcppasapas.com\/?page_id=2695","title":{"rendered":"Lectures en p\u00e9riode 5"},"content":{"rendered":"\t\t<div data-elementor-type=\"wp-post\" data-elementor-id=\"2695\" class=\"elementor elementor-2695\">\n\t\t\t\t\t\t<div class=\"elementor-inner\">\n\t\t\t\t<div class=\"elementor-section-wrap\">\n\t\t\t\t\t\t\t\t\t<section class=\"elementor-section elementor-top-section elementor-element elementor-element-fb5f60d elementor-section-boxed elementor-section-height-default elementor-section-height-default\" data-id=\"fb5f60d\" data-element_type=\"section\">\n\t\t\t\t\t\t<div class=\"elementor-container elementor-column-gap-default\">\n\t\t\t\t\t\t\t<div class=\"elementor-row\">\n\t\t\t\t\t<div class=\"elementor-column elementor-col-100 elementor-top-column elementor-element elementor-element-ec85dea\" data-id=\"ec85dea\" data-element_type=\"column\">\n\t\t\t<div class=\"elementor-column-wrap elementor-element-populated\">\n\t\t\t\t\t\t\t<div class=\"elementor-widget-wrap\">\n\t\t\t\t\t\t<div class=\"elementor-element elementor-element-2cc5e67 elementor-widget elementor-widget-text-editor\" data-id=\"2cc5e67\" data-element_type=\"widget\" data-widget_type=\"text-editor.default\">\n\t\t\t\t<div class=\"elementor-widget-container\">\n\t\t\t\t\t\t\t\t<div class=\"elementor-text-editor elementor-clearfix\">\n\t\t\t\t<p>Cette p\u00e9riode est celle de la libert\u00e9. Quel que soit le texte choisi, l&rsquo;enfant devrait \u00eatre capable de le d\u00e9coder \u00e0 son rythme. Certains d\u00e9vorent, d&rsquo;autres moins. Le moment est venu de lire avec le ton et les liaisons pour les plus chevronn\u00e9, de travailler la fluence pour certains, de consolider la lecture pour d&rsquo;autres. Chaque enfant doit maintenant appr\u00e9hender le texte comme une partition musicale et travailler la qualit\u00e9 de sa lecture.<\/p>\n<p>Selon le rythme et les priorit\u00e9s de votre classe il vous restera plus ou moins de temps pour terminer l&rsquo;ann\u00e9e avec un ou deux albums. La longueur de ceux qui vous sont propos\u00e9s ci-dessous est variable. A vous de composer en fonction de votre emploi du temps et de vos go\u00fbts.&nbsp;<\/p>\n<p><u>Une nouveaut\u00e9<\/u> : les dict\u00e9es pr\u00e9sentes dans les fichiers ne sont plus <i>s\u00e9lectives<\/i> mais <i>diff\u00e9r\u00e9es.<\/i><br>C&rsquo;est \u00e0 dire que les mots de la lecture ne sont plus en permanence au tableau . Au moment o\u00f9 la classe d\u00e9couvre le texte, l&rsquo;enseignant doit indiquer aux&nbsp; \u00e9l\u00e8ves de pr\u00eater plus d&rsquo;attention \u00e0 tel ou tel mot car il sera peut-\u00eatre demand\u00e9 au moment de la dict\u00e9e. Puis&nbsp; le texte est cach\u00e9, les trois mots sont dict\u00e9s aux enfants et sont auto corrig\u00e9s ( au stylo vert pour ma part )&nbsp; par chacun (par v\u00e9rification : soit les mots sont r\u00e9\u00e9cris correctement au tableau, soit les \u00e9l\u00e8ves cherchent dans leur cahier de lecture du soir).Les plus fragiles pourront garder leur cahier et y chercher les mots pendant la dict\u00e9e.<\/p>\n<p style=\"text-align: center;\"><span style=\"text-decoration: underline;\"><span style=\"color: #008080; text-decoration: underline;\">Voici une s\u00e9lection d\u2019albums pour cette derni\u00e8re p\u00e9riode.<\/span><\/span><\/p>\n<div>&nbsp;<\/div>\n<p style=\"text-align: center;\">Les liens ci-dessous vous permettront&nbsp; de d\u00e9couvrir les albums de cette p\u00e9riode accompagn\u00e9s de leurs documents de travail.<\/p>\n<p><\/p>\t\t\t\t\t<\/div>\n\t\t\t\t\t\t<\/div>\n\t\t\t\t<\/div>\n\t\t\t\t\t\t<\/div>\n\t\t\t\t\t<\/div>\n\t\t<\/div>\n\t\t\t\t\t\t\t\t<\/div>\n\t\t\t\t\t<\/div>\n\t\t<\/section>\n\t\t\t\t<section class=\"elementor-section elementor-top-section elementor-element elementor-element-641dbc7 elementor-section-boxed elementor-section-height-default elementor-section-height-default\" data-id=\"641dbc7\" data-element_type=\"section\">\n\t\t\t\t\t\t<div class=\"elementor-container elementor-column-gap-default\">\n\t\t\t\t\t\t\t<div class=\"elementor-row\">\n\t\t\t\t\t<div class=\"elementor-column elementor-col-33 elementor-top-column elementor-element elementor-element-77e11ff\" data-id=\"77e11ff\" data-element_type=\"column\">\n\t\t\t<div class=\"elementor-column-wrap elementor-element-populated\">\n\t\t\t\t\t\t\t<div class=\"elementor-widget-wrap\">\n\t\t\t\t\t\t<div class=\"elementor-element elementor-element-b8b78c6 elementor-widget elementor-widget-text-editor\" data-id=\"b8b78c6\" data-element_type=\"widget\" data-widget_type=\"text-editor.default\">\n\t\t\t\t<div class=\"elementor-widget-container\">\n\t\t\t\t\t\t\t\t<div class=\"elementor-text-editor elementor-clearfix\">\n\t\t\t\t<p style=\"text-align: center;\"><a href=\"http:\/\/monpetitcppasapas.com\/?p=2770\" target=\"_blank\" rel=\"noopener\"><strong><span style=\"text-decoration: underline;\"><em><span style=\"color: #ff0000; text-decoration: underline;\">Olga, la petite matriochka<\/span><\/em><\/span><\/strong>.<\/a><\/p><p style=\"text-align: center;\">Sophie Pavlovsky et Julie Lesgourgues<\/p><p><a href=\"http:\/\/monpetitcppasapas.com\/?p=2770\" target=\"_blank\" rel=\"noopener\"><img loading=\"lazy\" class=\"wp-image-2714 aligncenter\" src=\"http:\/\/monpetitcppasapas.com\/wp-content\/uploads\/2019\/07\/Sans-titre-4-224x300.jpg\" alt=\"\" width=\"142\" height=\"190\" srcset=\"https:\/\/monpetitcppasapas.com\/wp-content\/uploads\/2019\/07\/Sans-titre-4-224x300.jpg 224w, https:\/\/monpetitcppasapas.com\/wp-content\/uploads\/2019\/07\/Sans-titre-4-768x1027.jpg 768w, https:\/\/monpetitcppasapas.com\/wp-content\/uploads\/2019\/07\/Sans-titre-4-766x1024.jpg 766w\" sizes=\"(max-width: 142px) 100vw, 142px\" \/><\/a><\/p>\t\t\t\t\t<\/div>\n\t\t\t\t\t\t<\/div>\n\t\t\t\t<\/div>\n\t\t\t\t\t\t<\/div>\n\t\t\t\t\t<\/div>\n\t\t<\/div>\n\t\t\t\t<div class=\"elementor-column elementor-col-33 elementor-top-column elementor-element elementor-element-5f80045\" data-id=\"5f80045\" data-element_type=\"column\">\n\t\t\t<div class=\"elementor-column-wrap elementor-element-populated\">\n\t\t\t\t\t\t\t<div class=\"elementor-widget-wrap\">\n\t\t\t\t\t\t<div class=\"elementor-element elementor-element-cf11220 elementor-widget elementor-widget-text-editor\" data-id=\"cf11220\" data-element_type=\"widget\" data-widget_type=\"text-editor.default\">\n\t\t\t\t<div class=\"elementor-widget-container\">\n\t\t\t\t\t\t\t\t<div class=\"elementor-text-editor elementor-clearfix\">\n\t\t\t\t<p><a href=\"http:\/\/monpetitcppasapas.com\/?p=2841\" target=\"_blank\" rel=\"noopener\"><strong><span style=\"text-decoration: underline;\"><span style=\"color: #ff0000;\"><i>La haute tour sombre.<\/i><\/span><\/span><\/strong><\/a><\/p><p>Fran\u00e7oise Guillaumond et Philippe Goossens<\/p><p><a href=\"http:\/\/monpetitcppasapas.com\/?p=2841\" target=\"_blank\" rel=\"noopener\"><img loading=\"lazy\" class=\"wp-image-2762 aligncenter\" src=\"http:\/\/monpetitcppasapas.com\/wp-content\/uploads\/2019\/07\/2210623677.png\" alt=\"\" width=\"162\" height=\"141\" \/><\/a><\/p>\t\t\t\t\t<\/div>\n\t\t\t\t\t\t<\/div>\n\t\t\t\t<\/div>\n\t\t\t\t\t\t<\/div>\n\t\t\t\t\t<\/div>\n\t\t<\/div>\n\t\t\t\t<div class=\"elementor-column elementor-col-33 elementor-top-column elementor-element elementor-element-0638e65\" data-id=\"0638e65\" data-element_type=\"column\">\n\t\t\t<div class=\"elementor-column-wrap\">\n\t\t\t\t\t\t\t<div class=\"elementor-widget-wrap\">\n\t\t\t\t\t\t\t\t<\/div>\n\t\t\t\t\t<\/div>\n\t\t<\/div>\n\t\t\t\t\t\t\t\t<\/div>\n\t\t\t\t\t<\/div>\n\t\t<\/section>\n\t\t\t\t\t\t\t\t\t<\/div>\n\t\t\t<\/div>\n\t\t\t\t\t<\/div>\n\t\t","protected":false},"excerpt":{"rendered":"<p>Cette p\u00e9riode est celle de la libert\u00e9. Quel que soit le texte choisi, l&rsquo;enfant devrait \u00eatre capable de le d\u00e9coder \u00e0 son rythme. Certains d\u00e9vorent, [&hellip;] <span class=\"read-more-link\"><a class=\"read-more\" href=\"https:\/\/monpetitcppasapas.com\/?page_id=2695\">Read More<\/a><\/span><\/p>\n","protected":false},"author":1,"featured_media":0,"parent":0,"menu_order":0,"comment_status":"open","ping_status":"open","template":"","meta":[],"yoast_head":"<!-- This site is optimized with the Yoast SEO plugin v15.1.1 - https:\/\/yoast.com\/wordpress\/plugins\/seo\/ -->\n<title>Lectures en p\u00e9riode 5 - Mon Petit CP Pas \u00e0 pas<\/title>\n<meta name=\"robots\" content=\"index, follow, max-snippet:-1, max-image-preview:large, max-video-preview:-1\" \/>\n<link rel=\"canonical\" href=\"https:\/\/monpetitcppasapas.com\/?page_id=2695\" \/>\n<meta property=\"og:locale\" content=\"fr_FR\" \/>\n<meta property=\"og:type\" content=\"article\" \/>\n<meta property=\"og:title\" content=\"Lectures en p\u00e9riode 5 - Mon Petit CP Pas \u00e0 pas\" \/>\n<meta property=\"og:description\" content=\"Cette p\u00e9riode est celle de la libert\u00e9. Quel que soit le texte choisi, l&rsquo;enfant devrait \u00eatre capable de le d\u00e9coder \u00e0 son rythme. Certains d\u00e9vorent, [&hellip;] Read More\" \/>\n<meta property=\"og:url\" content=\"https:\/\/monpetitcppasapas.com\/?page_id=2695\" \/>\n<meta property=\"og:site_name\" content=\"Mon Petit CP Pas \u00e0 pas\" \/>\n<meta property=\"article:modified_time\" content=\"2020-10-24T10:11:05+00:00\" \/>\n<meta property=\"og:image\" content=\"http:\/\/monpetitcppasapas.com\/wp-content\/uploads\/2019\/07\/Sans-titre-4-224x300.jpg\" \/>\n<meta name=\"twitter:card\" content=\"summary_large_image\" \/>\n<script type=\"application\/ld+json\" class=\"yoast-schema-graph\">{\"@context\":\"https:\/\/schema.org\",\"@graph\":[{\"@type\":[\"Person\",\"Organization\"],\"@id\":\"https:\/\/monpetitcppasapas.com\/#\/schema\/person\/584629a552b22851431c0cc51b50bc31\",\"name\":\"admin5332\",\"image\":{\"@type\":\"ImageObject\",\"@id\":\"https:\/\/monpetitcppasapas.com\/#personlogo\",\"inLanguage\":\"fr-FR\",\"url\":\"https:\/\/secure.gravatar.com\/avatar\/d4d07dfbba3dd9e93dbac685f02e7c18?s=96&d=mm&r=g\",\"caption\":\"admin5332\"},\"logo\":{\"@id\":\"https:\/\/monpetitcppasapas.com\/#personlogo\"}},{\"@type\":\"WebSite\",\"@id\":\"https:\/\/monpetitcppasapas.com\/#website\",\"url\":\"https:\/\/monpetitcppasapas.com\/\",\"name\":\"Mon Petit CP Pas \\u00e0 pas\",\"description\":\"Parce que apprendre est grand et multiple\",\"publisher\":{\"@id\":\"https:\/\/monpetitcppasapas.com\/#\/schema\/person\/584629a552b22851431c0cc51b50bc31\"},\"potentialAction\":[{\"@type\":\"SearchAction\",\"target\":\"https:\/\/monpetitcppasapas.com\/?s={search_term_string}\",\"query-input\":\"required name=search_term_string\"}],\"inLanguage\":\"fr-FR\"},{\"@type\":\"ImageObject\",\"@id\":\"https:\/\/monpetitcppasapas.com\/?page_id=2695#primaryimage\",\"inLanguage\":\"fr-FR\",\"url\":\"http:\/\/monpetitcppasapas.com\/wp-content\/uploads\/2019\/07\/Sans-titre-4-224x300.jpg\"},{\"@type\":\"WebPage\",\"@id\":\"https:\/\/monpetitcppasapas.com\/?page_id=2695#webpage\",\"url\":\"https:\/\/monpetitcppasapas.com\/?page_id=2695\",\"name\":\"Lectures en p\\u00e9riode 5 - Mon Petit CP Pas \\u00e0 pas\",\"isPartOf\":{\"@id\":\"https:\/\/monpetitcppasapas.com\/#website\"},\"primaryImageOfPage\":{\"@id\":\"https:\/\/monpetitcppasapas.com\/?page_id=2695#primaryimage\"},\"datePublished\":\"2019-07-14T10:28:20+00:00\",\"dateModified\":\"2020-10-24T10:11:05+00:00\",\"inLanguage\":\"fr-FR\",\"potentialAction\":[{\"@type\":\"ReadAction\",\"target\":[\"https:\/\/monpetitcppasapas.com\/?page_id=2695\"]}]}]}<\/script>\n<!-- \/ Yoast SEO plugin. -->","_links":{"self":[{"href":"https:\/\/monpetitcppasapas.com\/index.php?rest_route=\/wp\/v2\/pages\/2695"}],"collection":[{"href":"https:\/\/monpetitcppasapas.com\/index.php?rest_route=\/wp\/v2\/pages"}],"about":[{"href":"https:\/\/monpetitcppasapas.com\/index.php?rest_route=\/wp\/v2\/types\/page"}],"author":[{"embeddable":true,"href":"https:\/\/monpetitcppasapas.com\/index.php?rest_route=\/wp\/v2\/users\/1"}],"replies":[{"embeddable":true,"href":"https:\/\/monpetitcppasapas.com\/index.php?rest_route=%2Fwp%2Fv2%2Fcomments&post=2695"}],"version-history":[{"count":12,"href":"https:\/\/monpetitcppasapas.com\/index.php?rest_route=\/wp\/v2\/pages\/2695\/revisions"}],"predecessor-version":[{"id":5058,"href":"https:\/\/monpetitcppasapas.com\/index.php?rest_route=\/wp\/v2\/pages\/2695\/revisions\/5058"}],"wp:attachment":[{"href":"https:\/\/monpetitcppasapas.com\/index.php?rest_route=%2Fwp%2Fv2%2Fmedia&parent=2695"}],"curies":[{"name":"wp","href":"https:\/\/api.w.org\/{rel}","templated":true}]}}