{"id":614,"date":"0201-06-26T20:02:33","date_gmt":"0201-06-26T19:53:12","guid":{"rendered":"http:\/\/monpetitcppasapas.com\/?page_id=614"},"modified":"2020-08-18T14:33:53","modified_gmt":"2020-08-18T12:33:53","slug":"la-rentree","status":"publish","type":"page","link":"https:\/\/monpetitcppasapas.com\/?page_id=614","title":{"rendered":"La rentr\u00e9e"},"content":{"rendered":"\t\t<div data-elementor-type=\"wp-post\" data-elementor-id=\"614\" class=\"elementor elementor-614\">\n\t\t\t\t\t\t<div class=\"elementor-inner\">\n\t\t\t\t<div class=\"elementor-section-wrap\">\n\t\t\t\t\t\t\t\t\t<section class=\"elementor-section elementor-top-section elementor-element elementor-element-bcc0741 elementor-section-boxed elementor-section-height-default elementor-section-height-default\" data-id=\"bcc0741\" data-element_type=\"section\">\n\t\t\t\t\t\t<div class=\"elementor-container elementor-column-gap-default\">\n\t\t\t\t\t\t\t<div class=\"elementor-row\">\n\t\t\t\t\t<div class=\"elementor-column elementor-col-100 elementor-top-column elementor-element elementor-element-5077365\" data-id=\"5077365\" data-element_type=\"column\">\n\t\t\t<div class=\"elementor-column-wrap elementor-element-populated\">\n\t\t\t\t\t\t\t<div class=\"elementor-widget-wrap\">\n\t\t\t\t\t\t<div class=\"elementor-element elementor-element-0cef1c4 elementor-widget elementor-widget-image\" data-id=\"0cef1c4\" data-element_type=\"widget\" data-widget_type=\"image.default\">\n\t\t\t\t<div class=\"elementor-widget-container\">\n\t\t\t\t\t\t\t\t<div class=\"elementor-image\">\n\t\t\t\t\t\t\t\t\t\t\t\t<img width=\"640\" height=\"169\" src=\"https:\/\/monpetitcppasapas.com\/wp-content\/uploads\/2018\/11\/avatar_rentree.jpg\" class=\"attachment-large size-large\" alt=\"\" loading=\"lazy\" srcset=\"https:\/\/monpetitcppasapas.com\/wp-content\/uploads\/2018\/11\/avatar_rentree.jpg 640w, https:\/\/monpetitcppasapas.com\/wp-content\/uploads\/2018\/11\/avatar_rentree-300x79.jpg 300w\" sizes=\"(max-width: 640px) 100vw, 640px\" \/>\t\t\t\t\t\t\t\t\t\t\t\t\t\t<\/div>\n\t\t\t\t\t\t<\/div>\n\t\t\t\t<\/div>\n\t\t\t\t\t\t<\/div>\n\t\t\t\t\t<\/div>\n\t\t<\/div>\n\t\t\t\t\t\t\t\t<\/div>\n\t\t\t\t\t<\/div>\n\t\t<\/section>\n\t\t\t\t<section class=\"elementor-section elementor-top-section elementor-element elementor-element-b4fdacb elementor-section-height-min-height elementor-section-boxed elementor-section-height-default elementor-section-items-middle\" data-id=\"b4fdacb\" data-element_type=\"section\">\n\t\t\t\t\t\t<div class=\"elementor-container elementor-column-gap-default\">\n\t\t\t\t\t\t\t<div class=\"elementor-row\">\n\t\t\t\t\t<div class=\"elementor-column elementor-col-100 elementor-top-column elementor-element elementor-element-ce6546c\" data-id=\"ce6546c\" data-element_type=\"column\">\n\t\t\t<div class=\"elementor-column-wrap elementor-element-populated\">\n\t\t\t\t\t\t\t<div class=\"elementor-widget-wrap\">\n\t\t\t\t\t\t<div class=\"elementor-element elementor-element-b814f38 elementor-widget elementor-widget-text-editor\" data-id=\"b814f38\" data-element_type=\"widget\" data-widget_type=\"text-editor.default\">\n\t\t\t\t<div class=\"elementor-widget-container\">\n\t\t\t\t\t\t\t\t<div class=\"elementor-text-editor elementor-clearfix\">\n\t\t\t\t<p>La rentr\u00e9e est un moment cl\u00e9 qui se pr\u00e9pare, si possible, d\u00e8s le mois de juin : commandes, listes, photocopies, organisation et rangement de la classe &#8230;.<\/p>\n<p>Personnellement je dresse une liste afin de ne rien oublier !<\/p><p>Cliquez sur les titres ci-dessous pour ouvrir de nouvelles pages relatives \u00e0 ce sujet.<br><\/p>\t\t\t\t\t<\/div>\n\t\t\t\t\t\t<\/div>\n\t\t\t\t<\/div>\n\t\t\t\t\t\t<\/div>\n\t\t\t\t\t<\/div>\n\t\t<\/div>\n\t\t\t\t\t\t\t\t<\/div>\n\t\t\t\t\t<\/div>\n\t\t<\/section>\n\t\t\t\t<section class=\"elementor-section elementor-top-section elementor-element elementor-element-97dc39b elementor-section-height-min-height elementor-section-boxed elementor-section-height-default elementor-section-items-middle\" data-id=\"97dc39b\" data-element_type=\"section\">\n\t\t\t\t\t\t<div class=\"elementor-container elementor-column-gap-default\">\n\t\t\t\t\t\t\t<div class=\"elementor-row\">\n\t\t\t\t\t<div class=\"elementor-column elementor-col-100 elementor-top-column elementor-element elementor-element-0b1f95d\" data-id=\"0b1f95d\" data-element_type=\"column\">\n\t\t\t<div class=\"elementor-column-wrap elementor-element-populated\">\n\t\t\t\t\t\t\t<div class=\"elementor-widget-wrap\">\n\t\t\t\t\t\t<div class=\"elementor-element elementor-element-38e0a94 elementor-widget elementor-widget-image\" data-id=\"38e0a94\" data-element_type=\"widget\" data-widget_type=\"image.default\">\n\t\t\t\t<div class=\"elementor-widget-container\">\n\t\t\t\t\t\t\t\t<div class=\"elementor-image\">\n\t\t\t\t\t\t\t\t\t\t\t\t<img src=\"https:\/\/monpetitcppasapas.com\/wp-content\/uploads\/2019\/06\/rentr\u00e9e.png\" title=\"rentr\u00e9e\" alt=\"rentr\u00e9e\" \/>\t\t\t\t\t\t\t\t\t\t\t\t\t\t<\/div>\n\t\t\t\t\t\t<\/div>\n\t\t\t\t<\/div>\n\t\t\t\t\t\t<\/div>\n\t\t\t\t\t<\/div>\n\t\t<\/div>\n\t\t\t\t\t\t\t\t<\/div>\n\t\t\t\t\t<\/div>\n\t\t<\/section>\n\t\t\t\t<section class=\"elementor-section elementor-top-section elementor-element elementor-element-e284124 elementor-section-boxed elementor-section-height-default elementor-section-height-default\" data-id=\"e284124\" data-element_type=\"section\">\n\t\t\t\t\t\t<div class=\"elementor-container elementor-column-gap-default\">\n\t\t\t\t\t\t\t<div class=\"elementor-row\">\n\t\t\t\t\t<div class=\"elementor-column elementor-col-33 elementor-top-column elementor-element elementor-element-684a8f9\" data-id=\"684a8f9\" data-element_type=\"column\">\n\t\t\t<div class=\"elementor-column-wrap\">\n\t\t\t\t\t\t\t<div class=\"elementor-widget-wrap\">\n\t\t\t\t\t\t\t\t<\/div>\n\t\t\t\t\t<\/div>\n\t\t<\/div>\n\t\t\t\t<div class=\"elementor-column elementor-col-33 elementor-top-column elementor-element elementor-element-48c8258\" data-id=\"48c8258\" data-element_type=\"column\">\n\t\t\t<div class=\"elementor-column-wrap elementor-element-populated\">\n\t\t\t\t\t\t\t<div class=\"elementor-widget-wrap\">\n\t\t\t\t\t\t<div class=\"elementor-element elementor-element-15d7d29 elementor-widget elementor-widget-text-editor\" data-id=\"15d7d29\" data-element_type=\"widget\" data-widget_type=\"text-editor.default\">\n\t\t\t\t<div class=\"elementor-widget-container\">\n\t\t\t\t\t\t\t\t<div class=\"elementor-text-editor elementor-clearfix\">\n\t\t\t\t<p style=\"text-align: center;\"><a href=\"http:\/\/monpetitcppasapas.com\/?p=618\" target=\"_blank\" rel=\"noopener\">Ce qu&rsquo;il faut pr\u00e9parer<\/a><\/p>\t\t\t\t\t<\/div>\n\t\t\t\t\t\t<\/div>\n\t\t\t\t<\/div>\n\t\t\t\t\t\t<\/div>\n\t\t\t\t\t<\/div>\n\t\t<\/div>\n\t\t\t\t<div class=\"elementor-column elementor-col-33 elementor-top-column elementor-element elementor-element-8632d94\" data-id=\"8632d94\" data-element_type=\"column\">\n\t\t\t<div class=\"elementor-column-wrap\">\n\t\t\t\t\t\t\t<div class=\"elementor-widget-wrap\">\n\t\t\t\t\t\t\t\t<\/div>\n\t\t\t\t\t<\/div>\n\t\t<\/div>\n\t\t\t\t\t\t\t\t<\/div>\n\t\t\t\t\t<\/div>\n\t\t<\/section>\n\t\t\t\t<section class=\"elementor-section elementor-top-section elementor-element elementor-element-350d783 elementor-section-boxed elementor-section-height-default elementor-section-height-default\" data-id=\"350d783\" data-element_type=\"section\">\n\t\t\t\t\t\t<div class=\"elementor-container elementor-column-gap-default\">\n\t\t\t\t\t\t\t<div class=\"elementor-row\">\n\t\t\t\t\t<div class=\"elementor-column elementor-col-33 elementor-top-column elementor-element elementor-element-81fca28\" data-id=\"81fca28\" data-element_type=\"column\">\n\t\t\t<div class=\"elementor-column-wrap\">\n\t\t\t\t\t\t\t<div class=\"elementor-widget-wrap\">\n\t\t\t\t\t\t\t\t<\/div>\n\t\t\t\t\t<\/div>\n\t\t<\/div>\n\t\t\t\t<div class=\"elementor-column elementor-col-33 elementor-top-column elementor-element elementor-element-4bbfadf\" data-id=\"4bbfadf\" data-element_type=\"column\">\n\t\t\t<div class=\"elementor-column-wrap elementor-element-populated\">\n\t\t\t\t\t\t\t<div class=\"elementor-widget-wrap\">\n\t\t\t\t\t\t<div class=\"elementor-element elementor-element-8433fd6 elementor-widget elementor-widget-text-editor\" data-id=\"8433fd6\" data-element_type=\"widget\" data-widget_type=\"text-editor.default\">\n\t\t\t\t<div class=\"elementor-widget-container\">\n\t\t\t\t\t\t\t\t<div class=\"elementor-text-editor elementor-clearfix\">\n\t\t\t\t<p style=\"text-align: center;\"><span style=\"color: #ff0000;\"><a style=\"color: #ff0000;\" href=\"http:\/\/monpetitcppasapas.com\/?p=616\" target=\"_blank\" rel=\"noopener\">D\u00e9roulement<\/a>&nbsp;<\/span><a href=\"http:\/\/monpetitcppasapas.com\/?page_id=616\" target=\"_blank\" style=\"background-color: rgb(255, 255, 255);\">de la premi\u00e8re semaine<\/a><\/p>\t\t\t\t\t<\/div>\n\t\t\t\t\t\t<\/div>\n\t\t\t\t<\/div>\n\t\t\t\t\t\t<\/div>\n\t\t\t\t\t<\/div>\n\t\t<\/div>\n\t\t\t\t<div class=\"elementor-column elementor-col-33 elementor-top-column elementor-element elementor-element-547bcb3\" data-id=\"547bcb3\" data-element_type=\"column\">\n\t\t\t<div class=\"elementor-column-wrap\">\n\t\t\t\t\t\t\t<div class=\"elementor-widget-wrap\">\n\t\t\t\t\t\t\t\t<\/div>\n\t\t\t\t\t<\/div>\n\t\t<\/div>\n\t\t\t\t\t\t\t\t<\/div>\n\t\t\t\t\t<\/div>\n\t\t<\/section>\n\t\t\t\t<section class=\"elementor-section elementor-top-section elementor-element elementor-element-8452ef8 elementor-section-boxed elementor-section-height-default elementor-section-height-default\" data-id=\"8452ef8\" data-element_type=\"section\">\n\t\t\t\t\t\t<div class=\"elementor-container elementor-column-gap-default\">\n\t\t\t\t\t\t\t<div class=\"elementor-row\">\n\t\t\t\t\t<div class=\"elementor-column elementor-col-33 elementor-top-column elementor-element elementor-element-b36a77a\" data-id=\"b36a77a\" data-element_type=\"column\">\n\t\t\t<div class=\"elementor-column-wrap\">\n\t\t\t\t\t\t\t<div class=\"elementor-widget-wrap\">\n\t\t\t\t\t\t\t\t<\/div>\n\t\t\t\t\t<\/div>\n\t\t<\/div>\n\t\t\t\t<div class=\"elementor-column elementor-col-33 elementor-top-column elementor-element elementor-element-b256c70\" data-id=\"b256c70\" data-element_type=\"column\">\n\t\t\t<div class=\"elementor-column-wrap elementor-element-populated\">\n\t\t\t\t\t\t\t<div class=\"elementor-widget-wrap\">\n\t\t\t\t\t\t<div class=\"elementor-element elementor-element-4e9621b elementor-widget elementor-widget-text-editor\" data-id=\"4e9621b\" data-element_type=\"widget\" data-widget_type=\"text-editor.default\">\n\t\t\t\t<div class=\"elementor-widget-container\">\n\t\t\t\t\t\t\t\t<div class=\"elementor-text-editor elementor-clearfix\">\n\t\t\t\t<p style=\"text-align: center;\"><a href=\"http:\/\/monpetitcppasapas.com\/?p=620\" target=\"_blank\" rel=\"noopener\">Evaluation des \u00e9l\u00e8ves<\/a><\/p>\t\t\t\t\t<\/div>\n\t\t\t\t\t\t<\/div>\n\t\t\t\t<\/div>\n\t\t\t\t\t\t<\/div>\n\t\t\t\t\t<\/div>\n\t\t<\/div>\n\t\t\t\t<div class=\"elementor-column elementor-col-33 elementor-top-column elementor-element elementor-element-eacc61d\" data-id=\"eacc61d\" data-element_type=\"column\">\n\t\t\t<div class=\"elementor-column-wrap\">\n\t\t\t\t\t\t\t<div class=\"elementor-widget-wrap\">\n\t\t\t\t\t\t\t\t<\/div>\n\t\t\t\t\t<\/div>\n\t\t<\/div>\n\t\t\t\t\t\t\t\t<\/div>\n\t\t\t\t\t<\/div>\n\t\t<\/section>\n\t\t\t\t<section class=\"elementor-section elementor-top-section elementor-element elementor-element-79f0282 elementor-section-boxed elementor-section-height-default elementor-section-height-default\" data-id=\"79f0282\" data-element_type=\"section\">\n\t\t\t\t\t\t<div class=\"elementor-container elementor-column-gap-default\">\n\t\t\t\t\t\t\t<div class=\"elementor-row\">\n\t\t\t\t\t<div class=\"elementor-column elementor-col-33 elementor-top-column elementor-element elementor-element-7ccb2be\" data-id=\"7ccb2be\" data-element_type=\"column\">\n\t\t\t<div class=\"elementor-column-wrap\">\n\t\t\t\t\t\t\t<div class=\"elementor-widget-wrap\">\n\t\t\t\t\t\t\t\t<\/div>\n\t\t\t\t\t<\/div>\n\t\t<\/div>\n\t\t\t\t<div class=\"elementor-column elementor-col-33 elementor-top-column elementor-element elementor-element-935d072\" data-id=\"935d072\" data-element_type=\"column\">\n\t\t\t<div class=\"elementor-column-wrap elementor-element-populated\">\n\t\t\t\t\t\t\t<div class=\"elementor-widget-wrap\">\n\t\t\t\t\t\t<div class=\"elementor-element elementor-element-47488c3 elementor-widget elementor-widget-text-editor\" data-id=\"47488c3\" data-element_type=\"widget\" data-widget_type=\"text-editor.default\">\n\t\t\t\t<div class=\"elementor-widget-container\">\n\t\t\t\t\t\t\t\t<div class=\"elementor-text-editor elementor-clearfix\">\n\t\t\t\t<p style=\"text-align: center;\"><a href=\"http:\/\/monpetitcppasapas.com\/?page_id=622\" target=\"_blank\" rel=\"noopener\">R\u00e9unions d&rsquo;information<\/a><\/p>\t\t\t\t\t<\/div>\n\t\t\t\t\t\t<\/div>\n\t\t\t\t<\/div>\n\t\t\t\t\t\t<\/div>\n\t\t\t\t\t<\/div>\n\t\t<\/div>\n\t\t\t\t<div class=\"elementor-column elementor-col-33 elementor-top-column elementor-element elementor-element-bc57a8a\" data-id=\"bc57a8a\" data-element_type=\"column\">\n\t\t\t<div class=\"elementor-column-wrap\">\n\t\t\t\t\t\t\t<div class=\"elementor-widget-wrap\">\n\t\t\t\t\t\t\t\t<\/div>\n\t\t\t\t\t<\/div>\n\t\t<\/div>\n\t\t\t\t\t\t\t\t<\/div>\n\t\t\t\t\t<\/div>\n\t\t<\/section>\n\t\t\t\t\t\t\t\t\t<\/div>\n\t\t\t<\/div>\n\t\t\t\t\t<\/div>\n\t\t","protected":false},"excerpt":{"rendered":"<p>La rentr\u00e9e est un moment cl\u00e9 qui se pr\u00e9pare, si possible, d\u00e8s le mois de juin : commandes, listes, photocopies, organisation et rangement de la [&hellip;] <span class=\"read-more-link\"><a class=\"read-more\" href=\"https:\/\/monpetitcppasapas.com\/?page_id=614\">Read More<\/a><\/span><\/p>\n","protected":false},"author":1,"featured_media":0,"parent":0,"menu_order":0,"comment_status":"closed","ping_status":"closed","template":"","meta":[],"yoast_head":"<!-- This site is optimized with the Yoast SEO plugin v15.1.1 - https:\/\/yoast.com\/wordpress\/plugins\/seo\/ -->\n<title>La rentr\u00e9e - Mon Petit CP Pas \u00e0 pas<\/title>\n<meta name=\"robots\" content=\"index, follow, max-snippet:-1, max-image-preview:large, max-video-preview:-1\" \/>\n<link rel=\"canonical\" href=\"https:\/\/monpetitcppasapas.com\/?page_id=614\" \/>\n<meta property=\"og:locale\" content=\"fr_FR\" \/>\n<meta property=\"og:type\" content=\"article\" \/>\n<meta property=\"og:title\" content=\"La rentr\u00e9e - Mon Petit CP Pas \u00e0 pas\" \/>\n<meta property=\"og:description\" content=\"La rentr\u00e9e est un moment cl\u00e9 qui se pr\u00e9pare, si possible, d\u00e8s le mois de juin : commandes, listes, photocopies, organisation et rangement de la [&hellip;] Read More\" \/>\n<meta property=\"og:url\" content=\"https:\/\/monpetitcppasapas.com\/?page_id=614\" \/>\n<meta property=\"og:site_name\" content=\"Mon Petit CP Pas \u00e0 pas\" \/>\n<meta property=\"article:modified_time\" content=\"2020-08-18T12:33:53+00:00\" \/>\n<meta property=\"og:image\" content=\"http:\/\/monpetitcppasapas.com\/wp-content\/uploads\/2018\/11\/avatar_rentree.jpg\" \/>\n<meta name=\"twitter:card\" content=\"summary_large_image\" \/>\n<script type=\"application\/ld+json\" class=\"yoast-schema-graph\">{\"@context\":\"https:\/\/schema.org\",\"@graph\":[{\"@type\":[\"Person\",\"Organization\"],\"@id\":\"https:\/\/monpetitcppasapas.com\/#\/schema\/person\/584629a552b22851431c0cc51b50bc31\",\"name\":\"admin5332\",\"image\":{\"@type\":\"ImageObject\",\"@id\":\"https:\/\/monpetitcppasapas.com\/#personlogo\",\"inLanguage\":\"fr-FR\",\"url\":\"https:\/\/secure.gravatar.com\/avatar\/d4d07dfbba3dd9e93dbac685f02e7c18?s=96&d=mm&r=g\",\"caption\":\"admin5332\"},\"logo\":{\"@id\":\"https:\/\/monpetitcppasapas.com\/#personlogo\"}},{\"@type\":\"WebSite\",\"@id\":\"https:\/\/monpetitcppasapas.com\/#website\",\"url\":\"https:\/\/monpetitcppasapas.com\/\",\"name\":\"Mon Petit CP Pas \\u00e0 pas\",\"description\":\"Parce que apprendre est grand et multiple\",\"publisher\":{\"@id\":\"https:\/\/monpetitcppasapas.com\/#\/schema\/person\/584629a552b22851431c0cc51b50bc31\"},\"potentialAction\":[{\"@type\":\"SearchAction\",\"target\":\"https:\/\/monpetitcppasapas.com\/?s={search_term_string}\",\"query-input\":\"required name=search_term_string\"}],\"inLanguage\":\"fr-FR\"},{\"@type\":\"ImageObject\",\"@id\":\"https:\/\/monpetitcppasapas.com\/?page_id=614#primaryimage\",\"inLanguage\":\"fr-FR\",\"url\":\"http:\/\/monpetitcppasapas.com\/wp-content\/uploads\/2018\/11\/avatar_rentree.jpg\"},{\"@type\":\"WebPage\",\"@id\":\"https:\/\/monpetitcppasapas.com\/?page_id=614#webpage\",\"url\":\"https:\/\/monpetitcppasapas.com\/?page_id=614\",\"name\":\"La rentr\\u00e9e - Mon Petit CP Pas \\u00e0 pas\",\"isPartOf\":{\"@id\":\"https:\/\/monpetitcppasapas.com\/#website\"},\"primaryImageOfPage\":{\"@id\":\"https:\/\/monpetitcppasapas.com\/?page_id=614#primaryimage\"},\"datePublished\":\"0201-06-26T19:53:12+00:00\",\"dateModified\":\"2020-08-18T12:33:53+00:00\",\"inLanguage\":\"fr-FR\",\"potentialAction\":[{\"@type\":\"ReadAction\",\"target\":[\"https:\/\/monpetitcppasapas.com\/?page_id=614\"]}]}]}<\/script>\n<!-- \/ Yoast SEO plugin. -->","_links":{"self":[{"href":"https:\/\/monpetitcppasapas.com\/index.php?rest_route=\/wp\/v2\/pages\/614"}],"collection":[{"href":"https:\/\/monpetitcppasapas.com\/index.php?rest_route=\/wp\/v2\/pages"}],"about":[{"href":"https:\/\/monpetitcppasapas.com\/index.php?rest_route=\/wp\/v2\/types\/page"}],"author":[{"embeddable":true,"href":"https:\/\/monpetitcppasapas.com\/index.php?rest_route=\/wp\/v2\/users\/1"}],"replies":[{"embeddable":true,"href":"https:\/\/monpetitcppasapas.com\/index.php?rest_route=%2Fwp%2Fv2%2Fcomments&post=614"}],"version-history":[{"count":20,"href":"https:\/\/monpetitcppasapas.com\/index.php?rest_route=\/wp\/v2\/pages\/614\/revisions"}],"predecessor-version":[{"id":4989,"href":"https:\/\/monpetitcppasapas.com\/index.php?rest_route=\/wp\/v2\/pages\/614\/revisions\/4989"}],"wp:attachment":[{"href":"https:\/\/monpetitcppasapas.com\/index.php?rest_route=%2Fwp%2Fv2%2Fmedia&parent=614"}],"curies":[{"name":"wp","href":"https:\/\/api.w.org\/{rel}","templated":true}]}}