{"id":620,"date":"2019-07-09T20:03:05","date_gmt":"2019-07-09T18:03:05","guid":{"rendered":"http:\/\/monpetitcppasapas.com\/?page_id=620"},"modified":"2024-11-02T09:29:46","modified_gmt":"2024-11-02T08:29:46","slug":"evaluation-la-rentree","status":"publish","type":"page","link":"https:\/\/monpetitcppasapas.com\/?page_id=620","title":{"rendered":"Evaluation de rentr\u00e9e"},"content":{"rendered":"\t\t<div data-elementor-type=\"wp-post\" data-elementor-id=\"620\" class=\"elementor elementor-620\">\n\t\t\t\t\t\t<div class=\"elementor-inner\">\n\t\t\t\t<div class=\"elementor-section-wrap\">\n\t\t\t\t\t\t\t\t\t<section class=\"elementor-section elementor-top-section elementor-element elementor-element-8056c8e elementor-section-boxed elementor-section-height-default elementor-section-height-default\" data-id=\"8056c8e\" data-element_type=\"section\">\n\t\t\t\t\t\t<div class=\"elementor-container elementor-column-gap-default\">\n\t\t\t\t\t\t\t<div class=\"elementor-row\">\n\t\t\t\t\t<div class=\"elementor-column elementor-col-100 elementor-top-column elementor-element elementor-element-275e22d\" data-id=\"275e22d\" data-element_type=\"column\">\n\t\t\t<div class=\"elementor-column-wrap elementor-element-populated\">\n\t\t\t\t\t\t\t<div class=\"elementor-widget-wrap\">\n\t\t\t\t\t\t<div class=\"elementor-element elementor-element-5da62bf elementor-widget elementor-widget-text-editor\" data-id=\"5da62bf\" data-element_type=\"widget\" data-widget_type=\"text-editor.default\">\n\t\t\t\t<div class=\"elementor-widget-container\">\n\t\t\t\t\t\t\t\t<div class=\"elementor-text-editor elementor-clearfix\">\n\t\t\t\t<p><a href=\"http:\/\/monpetitcppasapas.com\/?page_id=614\" target=\"_blank\" style=\"background-color: rgb(255, 255, 255); font-size: 10px; text-align: center;\">La rentr\u00e9e<\/a><span style=\"font-size: 10px; text-align: center;\">&nbsp;&gt; Evaluation<\/span><br><\/p>\t\t\t\t\t<\/div>\n\t\t\t\t\t\t<\/div>\n\t\t\t\t<\/div>\n\t\t\t\t\t\t<\/div>\n\t\t\t\t\t<\/div>\n\t\t<\/div>\n\t\t\t\t\t\t\t\t<\/div>\n\t\t\t\t\t<\/div>\n\t\t<\/section>\n\t\t\t\t<section class=\"elementor-section elementor-top-section elementor-element elementor-element-3a44578 elementor-section-boxed elementor-section-height-default elementor-section-height-default\" data-id=\"3a44578\" data-element_type=\"section\">\n\t\t\t\t\t\t<div class=\"elementor-container elementor-column-gap-default\">\n\t\t\t\t\t\t\t<div class=\"elementor-row\">\n\t\t\t\t\t<div class=\"elementor-column elementor-col-100 elementor-top-column elementor-element elementor-element-6240ded\" data-id=\"6240ded\" data-element_type=\"column\">\n\t\t\t<div class=\"elementor-column-wrap elementor-element-populated\">\n\t\t\t\t\t\t\t<div class=\"elementor-widget-wrap\">\n\t\t\t\t\t\t<div class=\"elementor-element elementor-element-62ece67 elementor-widget elementor-widget-image\" data-id=\"62ece67\" data-element_type=\"widget\" data-widget_type=\"image.default\">\n\t\t\t\t<div class=\"elementor-widget-container\">\n\t\t\t\t\t\t\t\t<div class=\"elementor-image\">\n\t\t\t\t\t\t\t\t\t\t\t\t<img src=\"http:\/\/monpetitcppasapas.com\/wp-content\/uploads\/2020\/01\/Evaluation-des-\u00e9l\u00e8ves.jpg\" title=\"\" alt=\"\" \/>\t\t\t\t\t\t\t\t\t\t\t\t\t\t<\/div>\n\t\t\t\t\t\t<\/div>\n\t\t\t\t<\/div>\n\t\t\t\t\t\t<\/div>\n\t\t\t\t\t<\/div>\n\t\t<\/div>\n\t\t\t\t\t\t\t\t<\/div>\n\t\t\t\t\t<\/div>\n\t\t<\/section>\n\t\t\t\t<section class=\"elementor-section elementor-top-section elementor-element elementor-element-eea1cc3 elementor-section-boxed elementor-section-height-default elementor-section-height-default\" data-id=\"eea1cc3\" data-element_type=\"section\">\n\t\t\t\t\t\t<div class=\"elementor-container elementor-column-gap-default\">\n\t\t\t\t\t\t\t<div class=\"elementor-row\">\n\t\t\t\t\t<div class=\"elementor-column elementor-col-100 elementor-top-column elementor-element elementor-element-67797a0\" data-id=\"67797a0\" data-element_type=\"column\">\n\t\t\t<div class=\"elementor-column-wrap elementor-element-populated\">\n\t\t\t\t\t\t\t<div class=\"elementor-widget-wrap\">\n\t\t\t\t\t\t<div class=\"elementor-element elementor-element-3345517 elementor-widget elementor-widget-text-editor\" data-id=\"3345517\" data-element_type=\"widget\" data-widget_type=\"text-editor.default\">\n\t\t\t\t<div class=\"elementor-widget-container\">\n\t\t\t\t\t\t\t\t<div class=\"elementor-text-editor elementor-clearfix\">\n\t\t\t\t<p style=\"text-align: center;\">Dans la mesure o\u00f9 les \u00e9valuations nationales arrivent assez t\u00f4t dans le mois, l&rsquo;\u00e9valuation initiale (ci-dessous ) a \u00e9t\u00e9 all\u00e9g\u00e9e. <br>Elle est compl\u00e9t\u00e9e par un livret d&rsquo;exercices en motricit\u00e9 fine dont l&rsquo;objectif est de percevoir la maturit\u00e9 et le degr\u00e9 d&rsquo;application des \u00e9l\u00e8ves&rsquo;<\/p>\t\t\t\t\t<\/div>\n\t\t\t\t\t\t<\/div>\n\t\t\t\t<\/div>\n\t\t\t\t\t\t<\/div>\n\t\t\t\t\t<\/div>\n\t\t<\/div>\n\t\t\t\t\t\t\t\t<\/div>\n\t\t\t\t\t<\/div>\n\t\t<\/section>\n\t\t\t\t<section class=\"elementor-section elementor-top-section elementor-element elementor-element-d8a56e3 elementor-section-boxed elementor-section-height-default elementor-section-height-default\" data-id=\"d8a56e3\" data-element_type=\"section\">\n\t\t\t\t\t\t<div class=\"elementor-container elementor-column-gap-default\">\n\t\t\t\t\t\t\t<div class=\"elementor-row\">\n\t\t\t\t\t<div class=\"elementor-column elementor-col-100 elementor-top-column elementor-element elementor-element-bc9b0bf\" data-id=\"bc9b0bf\" data-element_type=\"column\">\n\t\t\t<div class=\"elementor-column-wrap elementor-element-populated\">\n\t\t\t\t\t\t\t<div class=\"elementor-widget-wrap\">\n\t\t\t\t\t\t<div class=\"elementor-element elementor-element-f6a83d2 elementor-widget elementor-widget-image\" data-id=\"f6a83d2\" data-element_type=\"widget\" data-widget_type=\"image.default\">\n\t\t\t\t<div class=\"elementor-widget-container\">\n\t\t\t\t\t\t\t\t<div class=\"elementor-image\">\n\t\t\t\t\t\t\t\t\t\t\t\t\t<a href=\"http:\/\/monpetitcppasapas.com\/wp-content\/uploads\/2023\/07\/Evaluation-rentreee.pdf\" target=\"_blank\">\n\t\t\t\t\t\t\t<img width=\"710\" height=\"1024\" src=\"https:\/\/monpetitcppasapas.com\/wp-content\/uploads\/2019\/07\/1-1-710x1024.png\" class=\"attachment-large size-large\" alt=\"\" loading=\"lazy\" srcset=\"https:\/\/monpetitcppasapas.com\/wp-content\/uploads\/2019\/07\/1-1-710x1024.png 710w, https:\/\/monpetitcppasapas.com\/wp-content\/uploads\/2019\/07\/1-1-208x300.png 208w, https:\/\/monpetitcppasapas.com\/wp-content\/uploads\/2019\/07\/1-1-768x1108.png 768w\" sizes=\"(max-width: 710px) 100vw, 710px\" \/>\t\t\t\t\t\t\t\t<\/a>\n\t\t\t\t\t\t\t\t\t\t\t\t\t\t<\/div>\n\t\t\t\t\t\t<\/div>\n\t\t\t\t<\/div>\n\t\t\t\t\t\t<\/div>\n\t\t\t\t\t<\/div>\n\t\t<\/div>\n\t\t\t\t\t\t\t\t<\/div>\n\t\t\t\t\t<\/div>\n\t\t<\/section>\n\t\t\t\t<section class=\"elementor-section elementor-top-section elementor-element elementor-element-8e509d1 elementor-section-boxed elementor-section-height-default elementor-section-height-default\" data-id=\"8e509d1\" data-element_type=\"section\">\n\t\t\t\t\t\t<div class=\"elementor-container elementor-column-gap-default\">\n\t\t\t\t\t\t\t<div class=\"elementor-row\">\n\t\t\t\t\t<div class=\"elementor-column elementor-col-25 elementor-top-column elementor-element elementor-element-3349467\" data-id=\"3349467\" data-element_type=\"column\">\n\t\t\t<div class=\"elementor-column-wrap\">\n\t\t\t\t\t\t\t<div class=\"elementor-widget-wrap\">\n\t\t\t\t\t\t\t\t<\/div>\n\t\t\t\t\t<\/div>\n\t\t<\/div>\n\t\t\t\t<div class=\"elementor-column elementor-col-50 elementor-top-column elementor-element elementor-element-14f2125\" data-id=\"14f2125\" data-element_type=\"column\">\n\t\t\t<div class=\"elementor-column-wrap elementor-element-populated\">\n\t\t\t\t\t\t\t<div class=\"elementor-widget-wrap\">\n\t\t\t\t\t\t<div class=\"elementor-element elementor-element-53ce0b4 elementor-widget elementor-widget-image\" data-id=\"53ce0b4\" data-element_type=\"widget\" data-widget_type=\"image.default\">\n\t\t\t\t<div class=\"elementor-widget-container\">\n\t\t\t\t\t\t\t\t<div class=\"elementor-image\">\n\t\t\t\t\t\t\t\t\t\t\t\t\t<a href=\"http:\/\/monpetitcppasapas.com\/wp-content\/uploads\/2024\/11\/Evaluation-rentre-motricite-fine.pdf\" target=\"_blank\">\n\t\t\t\t\t\t\t<img width=\"711\" height=\"1024\" src=\"https:\/\/monpetitcppasapas.com\/wp-content\/uploads\/2023\/07\/motricite-711x1024.png\" class=\"attachment-large size-large\" alt=\"\" loading=\"lazy\" srcset=\"https:\/\/monpetitcppasapas.com\/wp-content\/uploads\/2023\/07\/motricite-711x1024.png 711w, https:\/\/monpetitcppasapas.com\/wp-content\/uploads\/2023\/07\/motricite-208x300.png 208w, https:\/\/monpetitcppasapas.com\/wp-content\/uploads\/2023\/07\/motricite-768x1106.png 768w, https:\/\/monpetitcppasapas.com\/wp-content\/uploads\/2023\/07\/motricite-1066x1536.png 1066w, https:\/\/monpetitcppasapas.com\/wp-content\/uploads\/2023\/07\/motricite.png 1244w\" sizes=\"(max-width: 711px) 100vw, 711px\" \/>\t\t\t\t\t\t\t\t<\/a>\n\t\t\t\t\t\t\t\t\t\t\t\t\t\t<\/div>\n\t\t\t\t\t\t<\/div>\n\t\t\t\t<\/div>\n\t\t\t\t\t\t<\/div>\n\t\t\t\t\t<\/div>\n\t\t<\/div>\n\t\t\t\t<div class=\"elementor-column elementor-col-25 elementor-top-column elementor-element elementor-element-50f7708\" data-id=\"50f7708\" data-element_type=\"column\">\n\t\t\t<div class=\"elementor-column-wrap\">\n\t\t\t\t\t\t\t<div class=\"elementor-widget-wrap\">\n\t\t\t\t\t\t\t\t<\/div>\n\t\t\t\t\t<\/div>\n\t\t<\/div>\n\t\t\t\t\t\t\t\t<\/div>\n\t\t\t\t\t<\/div>\n\t\t<\/section>\n\t\t\t\t<section class=\"elementor-section elementor-top-section elementor-element elementor-element-a8a2a49 elementor-section-boxed elementor-section-height-default elementor-section-height-default\" data-id=\"a8a2a49\" data-element_type=\"section\">\n\t\t\t\t\t\t<div class=\"elementor-container elementor-column-gap-default\">\n\t\t\t\t\t\t\t<div class=\"elementor-row\">\n\t\t\t\t\t<div class=\"elementor-column elementor-col-100 elementor-top-column elementor-element elementor-element-1150b0d\" data-id=\"1150b0d\" data-element_type=\"column\">\n\t\t\t<div class=\"elementor-column-wrap elementor-element-populated\">\n\t\t\t\t\t\t\t<div class=\"elementor-widget-wrap\">\n\t\t\t\t\t\t<div class=\"elementor-element elementor-element-d6c6c2c elementor-widget elementor-widget-text-editor\" data-id=\"d6c6c2c\" data-element_type=\"widget\" data-widget_type=\"text-editor.default\">\n\t\t\t\t<div class=\"elementor-widget-container\">\n\t\t\t\t\t\t\t\t<div class=\"elementor-text-editor elementor-clearfix\">\n\t\t\t\t<p>les exercices de d\u00e9coupages sont extraits d&rsquo;un ancien fichier Retz \u00ab\u00a0<a href=\"https:\/\/www.editions-retz.com\/ecole-elementaire\/cp\/education-artistique\/graphismes-et-decoupages-9782725661926.html\" target=\"_blank\">Graphismes et d\u00e9coupages GS CP de Magdalena Guirao-Jullien et Marianne Dupuy-Sauze<\/a>\u00a0\u00bb&nbsp;<\/p>\t\t\t\t\t<\/div>\n\t\t\t\t\t\t<\/div>\n\t\t\t\t<\/div>\n\t\t\t\t\t\t<\/div>\n\t\t\t\t\t<\/div>\n\t\t<\/div>\n\t\t\t\t\t\t\t\t<\/div>\n\t\t\t\t\t<\/div>\n\t\t<\/section>\n\t\t\t\t<section class=\"elementor-section elementor-top-section elementor-element elementor-element-8565606 elementor-section-height-min-height elementor-section-boxed elementor-section-height-default elementor-section-items-middle\" data-id=\"8565606\" data-element_type=\"section\">\n\t\t\t\t\t\t<div class=\"elementor-container elementor-column-gap-default\">\n\t\t\t\t\t\t\t<div class=\"elementor-row\">\n\t\t\t\t\t<div class=\"elementor-column elementor-col-100 elementor-top-column elementor-element elementor-element-da24ce6\" data-id=\"da24ce6\" data-element_type=\"column\">\n\t\t\t<div class=\"elementor-column-wrap elementor-element-populated\">\n\t\t\t\t\t\t\t<div class=\"elementor-widget-wrap\">\n\t\t\t\t\t\t<div class=\"elementor-element elementor-element-d444f51 elementor-widget elementor-widget-image\" data-id=\"d444f51\" data-element_type=\"widget\" data-widget_type=\"image.default\">\n\t\t\t\t<div class=\"elementor-widget-container\">\n\t\t\t\t\t\t\t\t<div class=\"elementor-image\">\n\t\t\t\t\t\t\t\t\t\t\t\t<img width=\"1024\" height=\"169\" src=\"https:\/\/monpetitcppasapas.com\/wp-content\/uploads\/2018\/10\/points-1024x169.png\" class=\"attachment-large size-large\" alt=\"\" loading=\"lazy\" srcset=\"https:\/\/monpetitcppasapas.com\/wp-content\/uploads\/2018\/10\/points-1024x169.png 1024w, https:\/\/monpetitcppasapas.com\/wp-content\/uploads\/2018\/10\/points-300x50.png 300w, https:\/\/monpetitcppasapas.com\/wp-content\/uploads\/2018\/10\/points-768x127.png 768w\" sizes=\"(max-width: 1024px) 100vw, 1024px\" \/>\t\t\t\t\t\t\t\t\t\t\t\t\t\t<\/div>\n\t\t\t\t\t\t<\/div>\n\t\t\t\t<\/div>\n\t\t\t\t\t\t<\/div>\n\t\t\t\t\t<\/div>\n\t\t<\/div>\n\t\t\t\t\t\t\t\t<\/div>\n\t\t\t\t\t<\/div>\n\t\t<\/section>\n\t\t\t\t\t\t\t\t\t<\/div>\n\t\t\t<\/div>\n\t\t\t\t\t<\/div>\n\t\t","protected":false},"excerpt":{"rendered":"<p>La rentr\u00e9e&nbsp;&gt; Evaluation Dans la mesure o\u00f9 les \u00e9valuations nationales arrivent assez t\u00f4t dans le mois, l&rsquo;\u00e9valuation initiale (ci-dessous ) a \u00e9t\u00e9 all\u00e9g\u00e9e. Elle est [&hellip;] <span class=\"read-more-link\"><a class=\"read-more\" href=\"https:\/\/monpetitcppasapas.com\/?page_id=620\">Read More<\/a><\/span><\/p>\n","protected":false},"author":1,"featured_media":0,"parent":0,"menu_order":0,"comment_status":"closed","ping_status":"closed","template":"","meta":[],"yoast_head":"<!-- This site is optimized with the Yoast SEO plugin v15.1.1 - https:\/\/yoast.com\/wordpress\/plugins\/seo\/ -->\n<title>Evaluation de rentr\u00e9e - Mon Petit CP Pas \u00e0 pas<\/title>\n<meta name=\"robots\" content=\"index, follow, max-snippet:-1, max-image-preview:large, max-video-preview:-1\" \/>\n<link rel=\"canonical\" href=\"https:\/\/monpetitcppasapas.com\/?page_id=620\" \/>\n<meta property=\"og:locale\" content=\"fr_FR\" \/>\n<meta property=\"og:type\" content=\"article\" \/>\n<meta property=\"og:title\" content=\"Evaluation de rentr\u00e9e - Mon Petit CP Pas \u00e0 pas\" \/>\n<meta property=\"og:description\" content=\"La rentr\u00e9e&nbsp;&gt; Evaluation Dans la mesure o\u00f9 les \u00e9valuations nationales arrivent assez t\u00f4t dans le mois, l&rsquo;\u00e9valuation initiale (ci-dessous ) a \u00e9t\u00e9 all\u00e9g\u00e9e. Elle est [&hellip;] Read More\" \/>\n<meta property=\"og:url\" content=\"https:\/\/monpetitcppasapas.com\/?page_id=620\" \/>\n<meta property=\"og:site_name\" content=\"Mon Petit CP Pas \u00e0 pas\" \/>\n<meta property=\"article:modified_time\" content=\"2024-11-02T08:29:46+00:00\" \/>\n<meta property=\"og:image\" content=\"http:\/\/monpetitcppasapas.com\/wp-content\/uploads\/2020\/01\/Evaluation-des-\u00e9l\u00e8ves.jpg\" \/>\n<meta name=\"twitter:card\" content=\"summary_large_image\" \/>\n<script type=\"application\/ld+json\" class=\"yoast-schema-graph\">{\"@context\":\"https:\/\/schema.org\",\"@graph\":[{\"@type\":[\"Person\",\"Organization\"],\"@id\":\"https:\/\/monpetitcppasapas.com\/#\/schema\/person\/584629a552b22851431c0cc51b50bc31\",\"name\":\"admin5332\",\"image\":{\"@type\":\"ImageObject\",\"@id\":\"https:\/\/monpetitcppasapas.com\/#personlogo\",\"inLanguage\":\"fr-FR\",\"url\":\"https:\/\/secure.gravatar.com\/avatar\/d4d07dfbba3dd9e93dbac685f02e7c18?s=96&d=mm&r=g\",\"caption\":\"admin5332\"},\"logo\":{\"@id\":\"https:\/\/monpetitcppasapas.com\/#personlogo\"}},{\"@type\":\"WebSite\",\"@id\":\"https:\/\/monpetitcppasapas.com\/#website\",\"url\":\"https:\/\/monpetitcppasapas.com\/\",\"name\":\"Mon Petit CP Pas \\u00e0 pas\",\"description\":\"Parce que apprendre est grand et multiple\",\"publisher\":{\"@id\":\"https:\/\/monpetitcppasapas.com\/#\/schema\/person\/584629a552b22851431c0cc51b50bc31\"},\"potentialAction\":[{\"@type\":\"SearchAction\",\"target\":\"https:\/\/monpetitcppasapas.com\/?s={search_term_string}\",\"query-input\":\"required name=search_term_string\"}],\"inLanguage\":\"fr-FR\"},{\"@type\":\"ImageObject\",\"@id\":\"https:\/\/monpetitcppasapas.com\/?page_id=620#primaryimage\",\"inLanguage\":\"fr-FR\",\"url\":\"http:\/\/monpetitcppasapas.com\/wp-content\/uploads\/2020\/01\/Evaluation-des-\\u00e9l\\u00e8ves.jpg\"},{\"@type\":\"WebPage\",\"@id\":\"https:\/\/monpetitcppasapas.com\/?page_id=620#webpage\",\"url\":\"https:\/\/monpetitcppasapas.com\/?page_id=620\",\"name\":\"Evaluation de rentr\\u00e9e - Mon Petit CP Pas \\u00e0 pas\",\"isPartOf\":{\"@id\":\"https:\/\/monpetitcppasapas.com\/#website\"},\"primaryImageOfPage\":{\"@id\":\"https:\/\/monpetitcppasapas.com\/?page_id=620#primaryimage\"},\"datePublished\":\"2019-07-09T18:03:05+00:00\",\"dateModified\":\"2024-11-02T08:29:46+00:00\",\"inLanguage\":\"fr-FR\",\"potentialAction\":[{\"@type\":\"ReadAction\",\"target\":[\"https:\/\/monpetitcppasapas.com\/?page_id=620\"]}]}]}<\/script>\n<!-- \/ Yoast SEO plugin. -->","_links":{"self":[{"href":"https:\/\/monpetitcppasapas.com\/index.php?rest_route=\/wp\/v2\/pages\/620"}],"collection":[{"href":"https:\/\/monpetitcppasapas.com\/index.php?rest_route=\/wp\/v2\/pages"}],"about":[{"href":"https:\/\/monpetitcppasapas.com\/index.php?rest_route=\/wp\/v2\/types\/page"}],"author":[{"embeddable":true,"href":"https:\/\/monpetitcppasapas.com\/index.php?rest_route=\/wp\/v2\/users\/1"}],"replies":[{"embeddable":true,"href":"https:\/\/monpetitcppasapas.com\/index.php?rest_route=%2Fwp%2Fv2%2Fcomments&post=620"}],"version-history":[{"count":47,"href":"https:\/\/monpetitcppasapas.com\/index.php?rest_route=\/wp\/v2\/pages\/620\/revisions"}],"predecessor-version":[{"id":6594,"href":"https:\/\/monpetitcppasapas.com\/index.php?rest_route=\/wp\/v2\/pages\/620\/revisions\/6594"}],"wp:attachment":[{"href":"https:\/\/monpetitcppasapas.com\/index.php?rest_route=%2Fwp%2Fv2%2Fmedia&parent=620"}],"curies":[{"name":"wp","href":"https:\/\/api.w.org\/{rel}","templated":true}]}}