{"id":628,"date":"2018-10-15T20:03:42","date_gmt":"2018-10-15T18:03:42","guid":{"rendered":"http:\/\/monpetitcppasapas.com\/?page_id=628"},"modified":"2020-01-31T18:59:19","modified_gmt":"2020-01-31T17:59:19","slug":"phonologie","status":"publish","type":"page","link":"https:\/\/monpetitcppasapas.com\/?page_id=628","title":{"rendered":"Phonologie"},"content":{"rendered":"\t\t<div data-elementor-type=\"wp-post\" data-elementor-id=\"628\" class=\"elementor elementor-628\">\n\t\t\t\t\t\t<div class=\"elementor-inner\">\n\t\t\t\t<div class=\"elementor-section-wrap\">\n\t\t\t\t\t\t\t\t\t<section class=\"elementor-section elementor-top-section elementor-element elementor-element-9805cd1 elementor-section-boxed elementor-section-height-default elementor-section-height-default\" data-id=\"9805cd1\" data-element_type=\"section\">\n\t\t\t\t\t\t<div class=\"elementor-container elementor-column-gap-default\">\n\t\t\t\t\t\t\t<div class=\"elementor-row\">\n\t\t\t\t\t<div class=\"elementor-column elementor-col-100 elementor-top-column elementor-element elementor-element-cdac123\" data-id=\"cdac123\" data-element_type=\"column\">\n\t\t\t<div class=\"elementor-column-wrap elementor-element-populated\">\n\t\t\t\t\t\t\t<div class=\"elementor-widget-wrap\">\n\t\t\t\t\t\t<div class=\"elementor-element elementor-element-50ebfe0 elementor-widget elementor-widget-text-editor\" data-id=\"50ebfe0\" data-element_type=\"widget\" data-widget_type=\"text-editor.default\">\n\t\t\t\t<div class=\"elementor-widget-container\">\n\t\t\t\t\t\t\t\t<div class=\"elementor-text-editor elementor-clearfix\">\n\t\t\t\t<p><a href=\"http:\/\/monpetitcppasapas.com\/?page_id=624\" target=\"_blank\" style=\"background-color: rgb(255, 255, 255);\">Fran\u00e7ais<\/a>&nbsp;&gt; Phonologie<\/p>\t\t\t\t\t<\/div>\n\t\t\t\t\t\t<\/div>\n\t\t\t\t<\/div>\n\t\t\t\t\t\t<\/div>\n\t\t\t\t\t<\/div>\n\t\t<\/div>\n\t\t\t\t\t\t\t\t<\/div>\n\t\t\t\t\t<\/div>\n\t\t<\/section>\n\t\t\t\t<section class=\"elementor-section elementor-top-section elementor-element elementor-element-b925f67 elementor-section-boxed elementor-section-height-default elementor-section-height-default\" data-id=\"b925f67\" data-element_type=\"section\">\n\t\t\t\t\t\t<div class=\"elementor-container elementor-column-gap-default\">\n\t\t\t\t\t\t\t<div class=\"elementor-row\">\n\t\t\t\t\t<div class=\"elementor-column elementor-col-100 elementor-top-column elementor-element elementor-element-de8a024\" data-id=\"de8a024\" data-element_type=\"column\">\n\t\t\t<div class=\"elementor-column-wrap elementor-element-populated\">\n\t\t\t\t\t\t\t<div class=\"elementor-widget-wrap\">\n\t\t\t\t\t\t<div class=\"elementor-element elementor-element-0fe5c4d elementor-widget elementor-widget-image\" data-id=\"0fe5c4d\" data-element_type=\"widget\" data-widget_type=\"image.default\">\n\t\t\t\t<div class=\"elementor-widget-container\">\n\t\t\t\t\t\t\t\t<div class=\"elementor-image\">\n\t\t\t\t\t\t\t\t\t\t\t\t<img width=\"1024\" height=\"330\" src=\"https:\/\/monpetitcppasapas.com\/wp-content\/uploads\/2020\/01\/Phonologie-1-1024x330.jpg\" class=\"attachment-large size-large\" alt=\"\" loading=\"lazy\" srcset=\"https:\/\/monpetitcppasapas.com\/wp-content\/uploads\/2020\/01\/Phonologie-1-1024x330.jpg 1024w, https:\/\/monpetitcppasapas.com\/wp-content\/uploads\/2020\/01\/Phonologie-1-300x97.jpg 300w, https:\/\/monpetitcppasapas.com\/wp-content\/uploads\/2020\/01\/Phonologie-1-768x248.jpg 768w, https:\/\/monpetitcppasapas.com\/wp-content\/uploads\/2020\/01\/Phonologie-1-1536x495.jpg 1536w, https:\/\/monpetitcppasapas.com\/wp-content\/uploads\/2020\/01\/Phonologie-1.jpg 1948w\" sizes=\"(max-width: 1024px) 100vw, 1024px\" \/>\t\t\t\t\t\t\t\t\t\t\t\t\t\t<\/div>\n\t\t\t\t\t\t<\/div>\n\t\t\t\t<\/div>\n\t\t\t\t\t\t<\/div>\n\t\t\t\t\t<\/div>\n\t\t<\/div>\n\t\t\t\t\t\t\t\t<\/div>\n\t\t\t\t\t<\/div>\n\t\t<\/section>\n\t\t\t\t<section class=\"elementor-section elementor-top-section elementor-element elementor-element-536616b elementor-section-boxed elementor-section-height-default elementor-section-height-default\" data-id=\"536616b\" data-element_type=\"section\">\n\t\t\t\t\t\t<div class=\"elementor-container elementor-column-gap-default\">\n\t\t\t\t\t\t\t<div class=\"elementor-row\">\n\t\t\t\t\t<div class=\"elementor-column elementor-col-100 elementor-top-column elementor-element elementor-element-4dcd2bb\" data-id=\"4dcd2bb\" data-element_type=\"column\">\n\t\t\t<div class=\"elementor-column-wrap elementor-element-populated\">\n\t\t\t\t\t\t\t<div class=\"elementor-widget-wrap\">\n\t\t\t\t\t\t<div class=\"elementor-element elementor-element-6da4f0e elementor-widget elementor-widget-text-editor\" data-id=\"6da4f0e\" data-element_type=\"widget\" data-widget_type=\"text-editor.default\">\n\t\t\t\t<div class=\"elementor-widget-container\">\n\t\t\t\t\t\t\t\t<div class=\"elementor-text-editor elementor-clearfix\">\n\t\t\t\t<p>Indissociable de l\u2019apprentissage de la lecture, l\u2019\u00e9tude syst\u00e9matique des sons permet de faire des gammes et de se familiariser avec le bruit des sons combin\u00e9s ou non.<\/p><p>La syllabique pure n\u2019a pas \u00e9norm\u00e9ment d\u2019int\u00e9r\u00eat si elle s\u2019\u00e9loigne du sens. Elle permet sans doute aux enfants en difficult\u00e9 de mieux m\u00e9moriser un son en le lisant de fa\u00e7on r\u00e9p\u00e9titive et de mieux comprendre comment d\u00e9couper un mot \u2026 mais attention au d\u00e9corticage syst\u00e9matique du mot qui nous ram\u00e8ne \u00e0 la lecture \u00e2nonn\u00e9e.<\/p><p>Il est important de faire continuellement des va et vient entre mot\/phrase et sons pour ne pas perdre le sens et le plaisir du texte.<\/p><p>Les liens ci-dessous vous permettront d&rsquo;ouvrir de nouvelles pages.<\/p>\t\t\t\t\t<\/div>\n\t\t\t\t\t\t<\/div>\n\t\t\t\t<\/div>\n\t\t\t\t\t\t<\/div>\n\t\t\t\t\t<\/div>\n\t\t<\/div>\n\t\t\t\t\t\t\t\t<\/div>\n\t\t\t\t\t<\/div>\n\t\t<\/section>\n\t\t\t\t<section class=\"elementor-section elementor-top-section elementor-element elementor-element-76e9e89 elementor-section-boxed elementor-section-height-default elementor-section-height-default\" data-id=\"76e9e89\" data-element_type=\"section\">\n\t\t\t\t\t\t<div class=\"elementor-container elementor-column-gap-default\">\n\t\t\t\t\t\t\t<div class=\"elementor-row\">\n\t\t\t\t\t<div class=\"elementor-column elementor-col-100 elementor-top-column elementor-element elementor-element-1fe847a\" data-id=\"1fe847a\" data-element_type=\"column\">\n\t\t\t<div class=\"elementor-column-wrap elementor-element-populated\">\n\t\t\t\t\t\t\t<div class=\"elementor-widget-wrap\">\n\t\t\t\t\t\t<div class=\"elementor-element elementor-element-ecbf411 elementor-widget elementor-widget-text-editor\" data-id=\"ecbf411\" data-element_type=\"widget\" data-widget_type=\"text-editor.default\">\n\t\t\t\t<div class=\"elementor-widget-container\">\n\t\t\t\t\t\t\t\t<div class=\"elementor-text-editor elementor-clearfix\">\n\t\t\t\t<p><a href=\"http:\/\/monpetitcppasapas.com\/?page_id=1705\" target=\"_blank\" rel=\"noopener\">Mat\u00e9riel pour la maison<\/a><\/p>\t\t\t\t\t<\/div>\n\t\t\t\t\t\t<\/div>\n\t\t\t\t<\/div>\n\t\t\t\t\t\t<\/div>\n\t\t\t\t\t<\/div>\n\t\t<\/div>\n\t\t\t\t\t\t\t\t<\/div>\n\t\t\t\t\t<\/div>\n\t\t<\/section>\n\t\t\t\t<section class=\"elementor-section elementor-top-section elementor-element elementor-element-a15e8ae elementor-section-boxed elementor-section-height-default elementor-section-height-default\" data-id=\"a15e8ae\" data-element_type=\"section\">\n\t\t\t\t\t\t<div class=\"elementor-container elementor-column-gap-default\">\n\t\t\t\t\t\t\t<div class=\"elementor-row\">\n\t\t\t\t\t<div class=\"elementor-column elementor-col-100 elementor-top-column elementor-element elementor-element-0e04ae6\" data-id=\"0e04ae6\" data-element_type=\"column\">\n\t\t\t<div class=\"elementor-column-wrap elementor-element-populated\">\n\t\t\t\t\t\t\t<div class=\"elementor-widget-wrap\">\n\t\t\t\t\t\t<div class=\"elementor-element elementor-element-a097e00 elementor-widget elementor-widget-text-editor\" data-id=\"a097e00\" data-element_type=\"widget\" data-widget_type=\"text-editor.default\">\n\t\t\t\t<div class=\"elementor-widget-container\">\n\t\t\t\t\t\t\t\t<div class=\"elementor-text-editor elementor-clearfix\">\n\t\t\t\t<p><a href=\"http:\/\/monpetitcppasapas.com\/?p=1752\" target=\"_blank\">fichiers de sons<\/a><br><\/p>\t\t\t\t\t<\/div>\n\t\t\t\t\t\t<\/div>\n\t\t\t\t<\/div>\n\t\t\t\t\t\t<\/div>\n\t\t\t\t\t<\/div>\n\t\t<\/div>\n\t\t\t\t\t\t\t\t<\/div>\n\t\t\t\t\t<\/div>\n\t\t<\/section>\n\t\t\t\t<section class=\"elementor-section elementor-top-section elementor-element elementor-element-e321036 elementor-section-boxed elementor-section-height-default elementor-section-height-default\" data-id=\"e321036\" data-element_type=\"section\">\n\t\t\t\t\t\t<div class=\"elementor-container elementor-column-gap-default\">\n\t\t\t\t\t\t\t<div class=\"elementor-row\">\n\t\t\t\t\t<div class=\"elementor-column elementor-col-100 elementor-top-column elementor-element elementor-element-832e5b1\" data-id=\"832e5b1\" data-element_type=\"column\">\n\t\t\t<div class=\"elementor-column-wrap elementor-element-populated\">\n\t\t\t\t\t\t\t<div class=\"elementor-widget-wrap\">\n\t\t\t\t\t\t<div class=\"elementor-element elementor-element-805adce elementor-widget elementor-widget-text-editor\" data-id=\"805adce\" data-element_type=\"widget\" data-widget_type=\"text-editor.default\">\n\t\t\t\t<div class=\"elementor-widget-container\">\n\t\t\t\t\t\t\t\t<div class=\"elementor-text-editor elementor-clearfix\">\n\t\t\t\t<p><span style=\"color: #ff00ff;\"><a href=\"http:\/\/monpetitcppasapas.com\/?page_id=1739\">Mots \u00e0 apprendre<\/a><\/span><\/p>\t\t\t\t\t<\/div>\n\t\t\t\t\t\t<\/div>\n\t\t\t\t<\/div>\n\t\t\t\t\t\t<\/div>\n\t\t\t\t\t<\/div>\n\t\t<\/div>\n\t\t\t\t\t\t\t\t<\/div>\n\t\t\t\t\t<\/div>\n\t\t<\/section>\n\t\t\t\t<section class=\"elementor-section elementor-top-section elementor-element elementor-element-a659eab elementor-section-boxed elementor-section-height-default elementor-section-height-default\" data-id=\"a659eab\" data-element_type=\"section\">\n\t\t\t\t\t\t<div class=\"elementor-container elementor-column-gap-default\">\n\t\t\t\t\t\t\t<div class=\"elementor-row\">\n\t\t\t\t\t<div class=\"elementor-column elementor-col-100 elementor-top-column elementor-element elementor-element-b192af8\" data-id=\"b192af8\" data-element_type=\"column\">\n\t\t\t<div class=\"elementor-column-wrap elementor-element-populated\">\n\t\t\t\t\t\t\t<div class=\"elementor-widget-wrap\">\n\t\t\t\t\t\t<div class=\"elementor-element elementor-element-8cff596 elementor-widget elementor-widget-text-editor\" data-id=\"8cff596\" data-element_type=\"widget\" data-widget_type=\"text-editor.default\">\n\t\t\t\t<div class=\"elementor-widget-container\">\n\t\t\t\t\t\t\t\t<div class=\"elementor-text-editor elementor-clearfix\">\n\t\t\t\t<p>M\u00e9mo<\/p>\t\t\t\t\t<\/div>\n\t\t\t\t\t\t<\/div>\n\t\t\t\t<\/div>\n\t\t\t\t\t\t<\/div>\n\t\t\t\t\t<\/div>\n\t\t<\/div>\n\t\t\t\t\t\t\t\t<\/div>\n\t\t\t\t\t<\/div>\n\t\t<\/section>\n\t\t\t\t<section class=\"elementor-section elementor-top-section elementor-element elementor-element-4624c91 elementor-section-boxed elementor-section-height-default elementor-section-height-default\" data-id=\"4624c91\" data-element_type=\"section\">\n\t\t\t\t\t\t<div class=\"elementor-container elementor-column-gap-default\">\n\t\t\t\t\t\t\t<div class=\"elementor-row\">\n\t\t\t\t\t<div class=\"elementor-column elementor-col-100 elementor-top-column elementor-element elementor-element-555b033\" data-id=\"555b033\" data-element_type=\"column\">\n\t\t\t<div class=\"elementor-column-wrap elementor-element-populated\">\n\t\t\t\t\t\t\t<div class=\"elementor-widget-wrap\">\n\t\t\t\t\t\t<div class=\"elementor-element elementor-element-5d2d261 elementor-widget elementor-widget-text-editor\" data-id=\"5d2d261\" data-element_type=\"widget\" data-widget_type=\"text-editor.default\">\n\t\t\t\t<div class=\"elementor-widget-container\">\n\t\t\t\t\t\t\t\t<div class=\"elementor-text-editor elementor-clearfix\">\n\t\t\t\t<p>Evaluations<\/p>\t\t\t\t\t<\/div>\n\t\t\t\t\t\t<\/div>\n\t\t\t\t<\/div>\n\t\t\t\t\t\t<\/div>\n\t\t\t\t\t<\/div>\n\t\t<\/div>\n\t\t\t\t\t\t\t\t<\/div>\n\t\t\t\t\t<\/div>\n\t\t<\/section>\n\t\t\t\t\t\t\t\t\t<\/div>\n\t\t\t<\/div>\n\t\t\t\t\t<\/div>\n\t\t","protected":false},"excerpt":{"rendered":"<p>Fran\u00e7ais&nbsp;&gt; Phonologie Indissociable de l\u2019apprentissage de la lecture, l\u2019\u00e9tude syst\u00e9matique des sons permet de faire des gammes et de se familiariser avec le bruit des [&hellip;] <span class=\"read-more-link\"><a class=\"read-more\" href=\"https:\/\/monpetitcppasapas.com\/?page_id=628\">Read More<\/a><\/span><\/p>\n","protected":false},"author":1,"featured_media":0,"parent":0,"menu_order":0,"comment_status":"closed","ping_status":"closed","template":"","meta":[],"yoast_head":"<!-- This site is optimized with the Yoast SEO plugin v15.1.1 - https:\/\/yoast.com\/wordpress\/plugins\/seo\/ -->\n<title>Phonologie - Mon Petit CP Pas \u00e0 pas<\/title>\n<meta name=\"robots\" content=\"index, follow, max-snippet:-1, max-image-preview:large, max-video-preview:-1\" \/>\n<link rel=\"canonical\" href=\"https:\/\/monpetitcppasapas.com\/?page_id=628\" \/>\n<meta property=\"og:locale\" content=\"fr_FR\" \/>\n<meta property=\"og:type\" content=\"article\" \/>\n<meta property=\"og:title\" content=\"Phonologie - Mon Petit CP Pas \u00e0 pas\" \/>\n<meta property=\"og:description\" content=\"Fran\u00e7ais&nbsp;&gt; Phonologie Indissociable de l\u2019apprentissage de la lecture, l\u2019\u00e9tude syst\u00e9matique des sons permet de faire des gammes et de se familiariser avec le bruit des [&hellip;] Read More\" \/>\n<meta property=\"og:url\" content=\"https:\/\/monpetitcppasapas.com\/?page_id=628\" \/>\n<meta property=\"og:site_name\" content=\"Mon Petit CP Pas \u00e0 pas\" \/>\n<meta property=\"article:modified_time\" content=\"2020-01-31T17:59:19+00:00\" \/>\n<meta property=\"og:image\" content=\"http:\/\/monpetitcppasapas.com\/wp-content\/uploads\/2020\/01\/Phonologie-1-1024x330.jpg\" \/>\n<meta name=\"twitter:card\" content=\"summary_large_image\" \/>\n<script type=\"application\/ld+json\" class=\"yoast-schema-graph\">{\"@context\":\"https:\/\/schema.org\",\"@graph\":[{\"@type\":[\"Person\",\"Organization\"],\"@id\":\"https:\/\/monpetitcppasapas.com\/#\/schema\/person\/584629a552b22851431c0cc51b50bc31\",\"name\":\"admin5332\",\"image\":{\"@type\":\"ImageObject\",\"@id\":\"https:\/\/monpetitcppasapas.com\/#personlogo\",\"inLanguage\":\"fr-FR\",\"url\":\"https:\/\/secure.gravatar.com\/avatar\/d4d07dfbba3dd9e93dbac685f02e7c18?s=96&d=mm&r=g\",\"caption\":\"admin5332\"},\"logo\":{\"@id\":\"https:\/\/monpetitcppasapas.com\/#personlogo\"}},{\"@type\":\"WebSite\",\"@id\":\"https:\/\/monpetitcppasapas.com\/#website\",\"url\":\"https:\/\/monpetitcppasapas.com\/\",\"name\":\"Mon Petit CP Pas \\u00e0 pas\",\"description\":\"Parce que apprendre est grand et multiple\",\"publisher\":{\"@id\":\"https:\/\/monpetitcppasapas.com\/#\/schema\/person\/584629a552b22851431c0cc51b50bc31\"},\"potentialAction\":[{\"@type\":\"SearchAction\",\"target\":\"https:\/\/monpetitcppasapas.com\/?s={search_term_string}\",\"query-input\":\"required name=search_term_string\"}],\"inLanguage\":\"fr-FR\"},{\"@type\":\"ImageObject\",\"@id\":\"https:\/\/monpetitcppasapas.com\/?page_id=628#primaryimage\",\"inLanguage\":\"fr-FR\",\"url\":\"http:\/\/monpetitcppasapas.com\/wp-content\/uploads\/2020\/01\/Phonologie-1-1024x330.jpg\"},{\"@type\":\"WebPage\",\"@id\":\"https:\/\/monpetitcppasapas.com\/?page_id=628#webpage\",\"url\":\"https:\/\/monpetitcppasapas.com\/?page_id=628\",\"name\":\"Phonologie - Mon Petit CP Pas \\u00e0 pas\",\"isPartOf\":{\"@id\":\"https:\/\/monpetitcppasapas.com\/#website\"},\"primaryImageOfPage\":{\"@id\":\"https:\/\/monpetitcppasapas.com\/?page_id=628#primaryimage\"},\"datePublished\":\"2018-10-15T18:03:42+00:00\",\"dateModified\":\"2020-01-31T17:59:19+00:00\",\"inLanguage\":\"fr-FR\",\"potentialAction\":[{\"@type\":\"ReadAction\",\"target\":[\"https:\/\/monpetitcppasapas.com\/?page_id=628\"]}]}]}<\/script>\n<!-- \/ Yoast SEO plugin. -->","_links":{"self":[{"href":"https:\/\/monpetitcppasapas.com\/index.php?rest_route=\/wp\/v2\/pages\/628"}],"collection":[{"href":"https:\/\/monpetitcppasapas.com\/index.php?rest_route=\/wp\/v2\/pages"}],"about":[{"href":"https:\/\/monpetitcppasapas.com\/index.php?rest_route=\/wp\/v2\/types\/page"}],"author":[{"embeddable":true,"href":"https:\/\/monpetitcppasapas.com\/index.php?rest_route=\/wp\/v2\/users\/1"}],"replies":[{"embeddable":true,"href":"https:\/\/monpetitcppasapas.com\/index.php?rest_route=%2Fwp%2Fv2%2Fcomments&post=628"}],"version-history":[{"count":23,"href":"https:\/\/monpetitcppasapas.com\/index.php?rest_route=\/wp\/v2\/pages\/628\/revisions"}],"predecessor-version":[{"id":4060,"href":"https:\/\/monpetitcppasapas.com\/index.php?rest_route=\/wp\/v2\/pages\/628\/revisions\/4060"}],"wp:attachment":[{"href":"https:\/\/monpetitcppasapas.com\/index.php?rest_route=%2Fwp%2Fv2%2Fmedia&parent=628"}],"curies":[{"name":"wp","href":"https:\/\/api.w.org\/{rel}","templated":true}]}}